{"id":414,"date":"2020-02-08T17:21:03","date_gmt":"2020-02-08T14:21:03","guid":{"rendered":"https:\/\/tual.com.tr\/?page_id=414"},"modified":"2023-05-04T16:07:38","modified_gmt":"2023-05-04T13:07:38","slug":"hakkimizda","status":"publish","type":"page","link":"https:\/\/www.tual.com.tr\/en\/hakkimizda\/","title":{"rendered":"About Us"},"content":{"rendered":"[vc_row][vc_column][vc_custom_heading text=&#8221;WHO ARE WE?&#8221; font_container=&#8221;tag:h2|font_size:26|text_align:left&#8221; use_theme_fonts=&#8221;yes&#8221;][vc_column_text el_class=&#8221;display-5&#8243;]Tual Tente is a company that has been serving in the sunshade systems sector in Turkey for more than 13 years and is focused on customer satisfaction.Our high-quality products and excellent service enable us to offer the best solutions to suit our customers&#8217; needs.<br \/>\nBy closely following the current developments in the sector, we are renewing our products and expanding our product range.[\/vc_column_text][vc_column_text el_class=&#8221;display-5&#8243;]As the demand for our products and services increased, we decided to expand our dealer network and launched the Tual Global brand. We are on the way to become an international brand that gives dealership by expanding our factory and team.[\/vc_column_text][vc_column_text el_class=&#8221;display-5&#8243;]We offer you the best quality products, excellent service and all the necessary information to complete your projects in the best way possible. As Tual Tente designs and manufactures the industry&#8217;s leading products using the latest technologies. We always strive to provide the highest quality products and services to our customers who choose us.[\/vc_column_text][\/vc_column][\/vc_row][vc_row][vc_column][vc_hoverbox image=&#8221;18612&#8243; primary_title=&#8221;&#8221; hover_title=&#8221;&#8221;]\n<h2 class=\"vc_custom_heading\" style=\"text-align: center;\"><\/h2>\n<div class=\"wpb_text_column wpb_content_element display-5\">\n<div class=\"wpb_wrapper\">\n<p style=\"text-align: center;\">Mission<\/p>\n<p style=\"text-align: center;\">Our goal as Tual Tente is to provide you, our valued customers, with the highest quality products and services to help you experience comfortable, enjoyable moments in your living spaces. With innovative, reliable, and superior designs, we strive to make your life easier and enhance your quality of life. By keeping customer satisfaction at the forefront, we continuously improve ourselves and stay up-to-date with the latest innovations to provide you with better service.<\/p>\n<\/div>\n<\/div>\n[\/vc_hoverbox][\/vc_column][\/vc_row][vc_row][vc_column][vc_hoverbox image=&#8221;18615&#8243; primary_title=&#8221;&#8221; hover_title=&#8221;&#8221;]\n<h2 class=\"vc_custom_heading\" style=\"text-align: center;\"><\/h2>\n<div class=\"wpb_text_column wpb_content_element display-5\">\n<div class=\"wpb_wrapper\">\n<p style=\"text-align: center;\">Vision<\/p>\n<p style=\"text-align: center;\">Our vision at Tual Tente is always aimed towards higher goals. We aim to leave a special touch and signature on your spaces with carefully crafted, unique and high-quality designs. By maintaining customer satisfaction, increasing quality standards in our products, and offering innovative solutions, we aim to turn our rising brand value into a recognized brand not only in Turkey but also worldwide. We are working to grow together with our customers and become a leading brand internationally.<\/p>\n<\/div>\n<\/div>\n[\/vc_hoverbox][\/vc_column][\/vc_row]","protected":false},"excerpt":{"rendered":"<p>[vc_row][vc_column][vc_custom_heading text=&#8221;WHO ARE WE?&#8221; font_container=&#8221;tag:h2|font_size:26|text_align:left&#8221; use_theme_fonts=&#8221;yes&#8221;][vc_column_text el_class=&#8221;display-5&#8243;]Tual Tente is a company that has been serving in the sunshade systems sector in Turkey for more than 13 years and is focused on customer satisfaction.Our high-quality products and excellent service enable us to offer the best solutions to suit our customers&#8217; needs. By closely following the current..<\/p>\n","protected":false},"author":1,"featured_media":18598,"parent":0,"menu_order":0,"comment_status":"closed","ping_status":"closed","template":"","meta":{"footnotes":""},"class_list":["post-414","page","type-page","status-publish","has-post-thumbnail","hentry"],"yoast_head":"<!-- This site is optimized with the Yoast SEO plugin v14.6.1 - https:\/\/yoast.com\/wordpress\/plugins\/seo\/ -->\n<title>About Us - Tual Tente | Tual Global | Tual Bioclimatic Pergolas<\/title>\n<meta name=\"description\" content=\"Tual Tente, T\u00fcrkiye&#039;deki g\u00fcne\u015flik sistemleri sekt\u00f6r\u00fcnde 13 y\u0131l\u0131 a\u015fk\u0131n bir s\u00fcredir hizmet veren ve m\u00fc\u015fteri memnuniyeti odakl\u0131 \u00e7al\u0131\u015fan bir firmad\u0131r.Y\u00fcksek\" \/>\n<meta name=\"robots\" content=\"index, follow\" \/>\n<meta name=\"googlebot\" content=\"index, follow, max-snippet:-1, max-image-preview:large, max-video-preview:-1\" \/>\n<meta name=\"bingbot\" content=\"index, follow, max-snippet:-1, max-image-preview:large, max-video-preview:-1\" \/>\n<link rel=\"canonical\" href=\"https:\/\/www.tual.com.tr\/hakkimizda\/\" \/>\n<meta property=\"og:locale\" content=\"en_US\" \/>\n<meta property=\"og:type\" content=\"article\" \/>\n<meta property=\"og:title\" content=\"About Us - Tual Tente | Tual Global | Tual Bioclimatic Pergolas\" \/>\n<meta property=\"og:description\" content=\"Tual Tente, T\u00fcrkiye&#039;deki g\u00fcne\u015flik sistemleri sekt\u00f6r\u00fcnde 13 y\u0131l\u0131 a\u015fk\u0131n bir s\u00fcredir hizmet veren ve m\u00fc\u015fteri memnuniyeti odakl\u0131 \u00e7al\u0131\u015fan bir firmad\u0131r.Y\u00fcksek\" \/>\n<meta property=\"og:url\" content=\"https:\/\/www.tual.com.tr\/hakkimizda\/\" \/>\n<meta property=\"og:site_name\" content=\"Tual Tente | Tual Global | Tual Bioclimatic Pergolas\" \/>\n<meta property=\"article:publisher\" content=\"https:\/\/www.facebook.com\/Tualtente?mibextid=LQQJ4d%2f\" \/>\n<meta property=\"article:modified_time\" content=\"2023-05-04T13:07:38+00:00\" \/>\n<meta property=\"og:image\" content=\"https:\/\/www.tual.com.tr\/wp-content\/uploads\/2023\/05\/hakk\u0131m\u0131zad.png\" \/>\n\t<meta property=\"og:image:width\" content=\"1200\" \/>\n\t<meta property=\"og:image:height\" content=\"800\" \/>\n<meta name=\"twitter:card\" content=\"summary_large_image\" \/>\n<script type=\"application\/ld+json\" class=\"yoast-schema-graph\">{\"@context\":\"https:\/\/schema.org\",\"@graph\":[{\"@type\":\"Organization\",\"@id\":\"https:\/\/www.tual.com.tr\/en\/#organization\",\"name\":\"Tual Tente\",\"url\":\"https:\/\/www.tual.com.tr\/en\/\",\"sameAs\":[\"https:\/\/www.facebook.com\/Tualtente?mibextid=LQQJ4d\/\",\"https:\/\/www.instagram.com\/tualtente\/\",\"https:\/\/www.linkedin.com\/company\/tual-tente\/\",\"https:\/\/www.youtube.com\/@tualtente4494\"],\"logo\":{\"@type\":\"ImageObject\",\"@id\":\"https:\/\/www.tual.com.tr\/en\/#logo\",\"inLanguage\":\"en-US\",\"url\":\"https:\/\/www.tual.com.tr\/wp-content\/uploads\/2020\/02\/tual-logo-400x400-1.png\",\"width\":400,\"height\":400,\"caption\":\"Tual Tente\"},\"image\":{\"@id\":\"https:\/\/www.tual.com.tr\/en\/#logo\"}},{\"@type\":\"WebSite\",\"@id\":\"https:\/\/www.tual.com.tr\/en\/#website\",\"url\":\"https:\/\/www.tual.com.tr\/en\/\",\"name\":\"Tual Tente | Tual Global | Tual Bioclimatic Pergolas\",\"description\":\"\",\"publisher\":{\"@id\":\"https:\/\/www.tual.com.tr\/en\/#organization\"},\"potentialAction\":[{\"@type\":\"SearchAction\",\"target\":\"https:\/\/www.tual.com.tr\/en\/?s={search_term_string}\",\"query-input\":\"required name=search_term_string\"}],\"inLanguage\":\"en-US\"},{\"@type\":\"ImageObject\",\"@id\":\"https:\/\/www.tual.com.tr\/hakkimizda\/#primaryimage\",\"inLanguage\":\"en-US\",\"url\":\"https:\/\/www.tual.com.tr\/wp-content\/uploads\/2023\/05\/hakk\\u0131m\\u0131zad.png\",\"width\":1200,\"height\":800},{\"@type\":\"WebPage\",\"@id\":\"https:\/\/www.tual.com.tr\/hakkimizda\/#webpage\",\"url\":\"https:\/\/www.tual.com.tr\/hakkimizda\/\",\"name\":\"About Us - Tual Tente | Tual Global | Tual Bioclimatic Pergolas\",\"isPartOf\":{\"@id\":\"https:\/\/www.tual.com.tr\/en\/#website\"},\"primaryImageOfPage\":{\"@id\":\"https:\/\/www.tual.com.tr\/hakkimizda\/#primaryimage\"},\"datePublished\":\"2020-02-08T14:21:03+00:00\",\"dateModified\":\"2023-05-04T13:07:38+00:00\",\"description\":\"Tual Tente, T\\u00fcrkiye'deki g\\u00fcne\\u015flik sistemleri sekt\\u00f6r\\u00fcnde 13 y\\u0131l\\u0131 a\\u015fk\\u0131n bir s\\u00fcredir hizmet veren ve m\\u00fc\\u015fteri memnuniyeti odakl\\u0131 \\u00e7al\\u0131\\u015fan bir firmad\\u0131r.Y\\u00fcksek\",\"inLanguage\":\"en-US\",\"potentialAction\":[{\"@type\":\"ReadAction\",\"target\":[\"https:\/\/www.tual.com.tr\/hakkimizda\/\"]}]}]}<\/script>\n<!-- \/ Yoast SEO plugin. -->","_links":{"self":[{"href":"https:\/\/www.tual.com.tr\/en\/wp-json\/wp\/v2\/pages\/414","targetHints":{"allow":["GET"]}}],"collection":[{"href":"https:\/\/www.tual.com.tr\/en\/wp-json\/wp\/v2\/pages"}],"about":[{"href":"https:\/\/www.tual.com.tr\/en\/wp-json\/wp\/v2\/types\/page"}],"author":[{"embeddable":true,"href":"https:\/\/www.tual.com.tr\/en\/wp-json\/wp\/v2\/users\/1"}],"replies":[{"embeddable":true,"href":"https:\/\/www.tual.com.tr\/en\/wp-json\/wp\/v2\/comments?post=414"}],"version-history":[{"count":50,"href":"https:\/\/www.tual.com.tr\/en\/wp-json\/wp\/v2\/pages\/414\/revisions"}],"predecessor-version":[{"id":18601,"href":"https:\/\/www.tual.com.tr\/en\/wp-json\/wp\/v2\/pages\/414\/revisions\/18601"}],"wp:featuredmedia":[{"embeddable":true,"href":"https:\/\/www.tual.com.tr\/en\/wp-json\/wp\/v2\/media\/18598"}],"wp:attachment":[{"href":"https:\/\/www.tual.com.tr\/en\/wp-json\/wp\/v2\/media?parent=414"}],"curies":[{"name":"wp","href":"https:\/\/api.w.org\/{rel}","templated":true}]}}