{"id":47,"date":"2019-10-20T18:47:26","date_gmt":"2019-10-20T15:47:26","guid":{"rendered":"http:\/\/nastik.webredox.net\/index.php\/parallax-image-copy\/"},"modified":"2023-05-16T11:27:46","modified_gmt":"2023-05-16T08:27:46","slug":"slider","status":"publish","type":"page","link":"https:\/\/www.tual.com.tr\/en\/","title":{"rendered":"Homepage"},"content":{"rendered":"[vc_row scrollrow=&#8221;st2&#8243; scroll_id=&#8221;sec2&#8243; enabletitle=&#8221;st2&#8243; nastik_sec_title=&#8221;Product&#8221; nastik_sec_number=&#8221;01&#8243; nastik_sec_dectiption=&#8221;The most stylish way to protect from the sun: Tual Tente&#8217;s rich selection of pergola and sunshade options.&#8221;][vc_column][vc_row_inner][vc_column_inner width=&#8221;1\/3&#8243;][vc_single_image image=&#8221;530&#8243; img_size=&#8221;full&#8221; style=&#8221;vc_box_outline_circle&#8221; border_color=&#8221;orange&#8221; onclick=&#8221;custom_link&#8221; link=&#8221;https:\/\/www.tual.com.tr\/portfolio\/rolluproof\/&#8221;][vc_single_image image=&#8221;609&#8243; img_size=&#8221;full&#8221; style=&#8221;vc_box_outline&#8221; onclick=&#8221;custom_link&#8221; link=&#8221;https:\/\/www.tual.com.tr\/portfolio\/flextual\/&#8221;][vc_single_image image=&#8221;594&#8243; img_size=&#8221;full&#8221; style=&#8221;vc_box_outline_circle&#8221; border_color=&#8221;violet&#8221; onclick=&#8221;custom_link&#8221; link=&#8221;https:\/\/www.tual.com.tr\/portfolio\/boxtual\/&#8221;][vc_single_image image=&#8221;562&#8243; img_size=&#8221;full&#8221; style=&#8221;vc_box_outline&#8221; onclick=&#8221;custom_link&#8221; link=&#8221;https:\/\/www.tual.com.tr\/portfolio\/styletual\/&#8221;][vc_single_image image=&#8221;1243&#8243; img_size=&#8221;medium&#8221; style=&#8221;vc_box_outline_circle&#8221;][\/vc_column_inner][vc_column_inner width=&#8221;1\/3&#8243;][vc_single_image image=&#8221;633&#8243; img_size=&#8221;full&#8221; style=&#8221;vc_box_outline_circle&#8221; border_color=&#8221;orange&#8221; onclick=&#8221;custom_link&#8221; link=&#8221;https:\/\/www.tual.com.tr\/portfolio\/pergotual\/&#8221;][vc_single_image image=&#8221;718&#8243; img_size=&#8221;full&#8221; style=&#8221;vc_box_outline&#8221; onclick=&#8221;custom_link&#8221; link=&#8221;https:\/\/www.tual.com.tr\/portfolio\/tenttual\/&#8221;][vc_single_image image=&#8221;721&#8243; img_size=&#8221;full&#8221; style=&#8221;vc_box_outline_circle&#8221; border_color=&#8221;violet&#8221; onclick=&#8221;custom_link&#8221; link=&#8221;https:\/\/www.tual.com.tr\/portfolio\/ziptual\/&#8221;][vc_single_image image=&#8221;1242&#8243; img_size=&#8221;full&#8221; style=&#8221;vc_box_outline&#8221; border_color=&#8221;violet&#8221; onclick=&#8221;custom_link&#8221; link=&#8221;https:\/\/www.tual.com.tr\/portfolio\/ziptual\/&#8221;][\/vc_column_inner][vc_column_inner width=&#8221;1\/3&#8243;][vc_single_image image=&#8221;1202&#8243; img_size=&#8221;full&#8221; style=&#8221;vc_box_outline_circle&#8221; border_color=&#8221;orange&#8221; onclick=&#8221;custom_link&#8221; link=&#8221;https:\/\/www.tual.com.tr\/portfolio\/pivotroof\/&#8221;][vc_single_image image=&#8221;620&#8243; img_size=&#8221;full&#8221; style=&#8221;vc_box_outline&#8221; onclick=&#8221;custom_link&#8221; link=&#8221;https:\/\/www.tual.com.tr\/portfolio\/linetual\/&#8221;][vc_single_image image=&#8221;598&#8243; img_size=&#8221;full&#8221; style=&#8221;vc_box_outline_circle&#8221; border_color=&#8221;violet&#8221; onclick=&#8221;custom_link&#8221; link=&#8221;https:\/\/www.tual.com.tr\/portfolio\/droptual\/&#8221;][vc_single_image image=&#8221;1239&#8243; img_size=&#8221;medium&#8221; style=&#8221;vc_box_outline&#8221;][\/vc_column_inner][\/vc_row_inner][vc_row_inner][vc_column_inner]<div class=\"srv-link-text fl-wrap\"><h4>Take a closer look at our product pages for detailed information.<\/h4><a href=\"https:\/\/www.tual.com.tr\/en\/urunler\/\" class=\"btn float-btn ajax  color-bg\" target=\"_self\">Products<\/a><\/div>[\/vc_column_inner][\/vc_row_inner][\/vc_column][\/vc_row][vc_row row_type=&#8221;sec2&#8243; enable_corner_effect=&#8221;st2&#8243;][vc_column][vc_row_inner][vc_column_inner width=&#8221;1\/2&#8243;]<div class=\"video-box dec-img fl-wrap\"><img decoding=\"async\" src=\"https:\/\/www.tual.com.tr\/wp-content\/uploads\/2023\/05\/pivot-rooof.png\" class=\"respimg\" alt=\"pivot rooof__youtube_video_2023\"><a class=\"video-box-btn image-popup\" href=\"https:\/\/www.youtube.com\/watch?v=2jJgEFjkOsM\"><i class=\"fas fa-play\" aria-hidden=\"true\"><\/i><\/a><\/div>[\/vc_column_inner][vc_column_inner width=&#8221;1\/2&#8243;][vc_column_text]<strong>PIVOTroof<\/strong><\/p>\n<div class=\"video-promo-text fl-wrap mar-top\">\n<p>Get a better idea of our products by watching their video presentations. Please visit our YouTube channel for video presentations of all our products.<\/p>\n<p><a class=\"btn fl-btn color-bg\" href=\"https:\/\/www.youtube.com\/channel\/UC9a3jn_biw3Xs21UFvS63sw\">Other Videos<\/a><\/p>\n<\/div>\n[\/vc_column_text][\/vc_column_inner][\/vc_row_inner][\/vc_column][\/vc_row][vc_row scrollrow=&#8221;st2&#8243; scroll_id=&#8221;sec3&#8243; enable_top_box=&#8221;st2&#8243; enabletitle=&#8221;st2&#8243; nastik_sec_title=&#8221;About Us&#8221; nastik_sec_number=&#8221;02&#8243; nastik_sec_dectiption=&#8221;Our mission is to enhance your living spaces with our quality services in the garden, terrace and veranda areas of cafes, restaurants and residences, providing you with comfort and enjoyment.&#8221; enableseparator=&#8221;st2&#8243; secpadding=&#8221;&#8221; theside_sec_title=&#8221;About me&#8221; theside_sec_number=&#8221;01&#8243; theside_sec_dectiption=&#8221;LOREM IPSUM DOLOR SIT AMET, CONSECTETUR ADIPISCING ELIT. MAECENAS IN PULVINAR NEQUE. NULLA FINIBUS LOBORTIS PULVINAR.&#8221;][vc_column width=&#8221;2\/5&#8243;]<div class=\"dec-img  fl-wrap\"><img decoding=\"async\" src=\"https:\/\/www.tual.com.tr\/wp-content\/uploads\/2023\/05\/Building-Amazig-Career-Connections.png\" class=\"respimg\" alt=\"Building Amazig Career Connections\"><\/div>[\/vc_column][vc_column width=&#8221;3\/5&#8243;][wr_vc_textblock small_title=&#8221;Tual Tente | Tual Global&#8221; big_title=&#8221;WHO ARE WE?&#8221;]Tual Tente is a company operating in the field of automatic sunshade systems for more than 13 years and has many satisfied customers in Turkey. Due to the intense interest in our products, we aimed to develop our dealer network and launched he Tual Global brand. For this purpose, we expanded our factory and team. Tual Global is the international brand of Tual Tente company that gives dealership. We always provide you the best products, great service and all the necessary information to complete your projects successfully.[\/wr_vc_textblock][\/vc_column][\/vc_row][vc_row row_type=&#8221;sec2&#8243;][vc_column][wr_vc_counters class=&#8221;optional_counter&#8221;][wr_vc_counter datatitle=&#8221;COMPLETED PROJECTS&#8221; datanumber=&#8221;2359&#8243;][wr_vc_counter datatitle=&#8221;HAPPY CUSTOMER&#8221; datanumber=&#8221;2309&#8243;][wr_vc_counter datatitle=&#8221;WORKING HOURS&#8221; datanumber=&#8221;24350&#8243;][wr_vc_counter datatitle=&#8221;ONGOING PROJECT&#8221; datanumber=&#8221;16&#8243;][\/wr_vc_counters][\/vc_column][\/vc_row][vc_row scrollrow=&#8221;st2&#8243; scroll_id=&#8221;sec4&#8243; sec_padding_bottom=&#8221;PROCESS&#8221; enabletitle=&#8221;st2&#8243; nastik_sec_title=&#8221;Process&#8221; nastik_sec_number=&#8221;03&#8243; nastik_sec_dectiption=&#8221;YOU CAN EXAMINE THE ENTIRE WORKING PROCESS FROM OUR FIRST MEETING TO THE END OF THE JOB.&#8221;][vc_column width=&#8221;1\/2&#8243;]<div class=\"process-wrap fl-wrap\"><ul><li><div class=\"time-line-icon\">\n                  <i class=\"fab fa-slideshare\"><\/i>\n                  <\/div><h4>MEETING<\/h4><div class=\"process-details\">Our contact information, references, awning and sunshade systems you see in the spaces allow you to reach the Tual Tente team and thus our meeting process is started.   <\/div><span class=\"process-numder\">01.<\/span><\/li><\/ul><\/div><div class=\"process-wrap fl-wrap\"><ul><li><div class=\"time-line-icon\">\n                  <i class=\"fal fa-calendar-alt\"><\/i>\n                  <\/div><h4>APPOINTMENT<\/h4><div class=\"process-details\">Our valued customers who reach the Tual Tente team tell their demands and the products they want to get information about. In order to meet as soon as possible, customer information is recorded and an appointment day is created.   <\/div><span class=\"process-numder\">02.<\/span><\/li><\/ul><\/div><div class=\"process-wrap fl-wrap\"><ul><li><div class=\"time-line-icon\">\n                  <i class=\"fal fa-eye\"><\/i>\n                  <\/div><h4>EXPLORATION<\/h4><div class=\"process-details\">Tual Tente team goes to your area at the appointment time and makes a free exploration. Information about our awning and sunshade systems, which are deemed appropriate for the request of our customer and the situation of the place, are provided.   <\/div><span class=\"process-numder\">03.<\/span><\/li><\/ul><\/div>[\/vc_column][vc_column width=&#8221;1\/2&#8243;]<div class=\"process-wrap fl-wrap\"><ul><li><div class=\"time-line-icon\">\n                  <i class=\"fal fa-file-alt\"><\/i>\n                  <\/div><h4>PROJECT\/OFFER<\/h4><div class=\"process-details\">The most appropriate selection is made among the Tual Tente products informed to our customer and the project phase is started. The project and offer we prepared as Tual Tente team are sent to our customer.   <\/div><span class=\"process-numder\">04.<\/span><\/li><\/ul><\/div><div class=\"process-wrap fl-wrap\"><ul><li><div class=\"time-line-icon\">\n                  <i class=\"fas fa-file-signature\"><\/i>\n                  <\/div><h4>AGREEMENT<\/h4><div class=\"process-details\">In case of an agreement with our valued customer, a contract that protects the parties is prepared. After the contract made with our valued customer, the manufacturing measure is taken and the product is manufactured.   <\/div><span class=\"process-numder\">05.<\/span><\/li><\/ul><\/div><div class=\"process-wrap fl-wrap\"><ul><li><div class=\"time-line-icon\">\n                  <i class=\"fal fa-flag-checkered\"><\/i>\n                  <\/div><h4>MANUFACTURING\/ASSEMBLY<\/h4><div class=\"process-details\">With the end of the manufacturing process, an appointment is made from the customer to go to the assembly. After the assembly process is completed, the working principle and usage method of the Tual Tente product is explained to our valued customers by making a presentation. Thus, the delivery of the product is completed and the warranty process begins.   <\/div><span class=\"process-numder\">06.<\/span><\/li><\/ul><\/div>[\/vc_column][\/vc_row][vc_row scrollrow=&#8221;st2&#8243; scroll_id=&#8221;sec5&#8243; enable_bottom_box=&#8221;st2&#8243; enabletitle=&#8221;st2&#8243; nastik_sec_title=&#8221;REFERENCES&#8221; nastik_sec_number=&#8221;04&#8243; nastik_sec_dectiption=&#8221;BRANDS THAT CHOOSE US&#8221; enableseparator=&#8221;st2&#8243;][vc_column][wr_vc_clients class=&#8221;mt-50&#8243;][wr_vc_client button_url=&#8221;#&#8221; image=&#8221;447&#8243;][wr_vc_client button_url=&#8221;#&#8221; image=&#8221;449&#8243;][wr_vc_client button_url=&#8221;#&#8221; image=&#8221;451&#8243;][wr_vc_client button_url=&#8221;#&#8221; image=&#8221;453&#8243;][wr_vc_client button_url=&#8221;#&#8221; image=&#8221;481&#8243;][wr_vc_client button_url=&#8221;#&#8221; image=&#8221;480&#8243;][wr_vc_client button_url=&#8221;#&#8221; image=&#8221;485&#8243;][wr_vc_client button_url=&#8221;#&#8221; image=&#8221;476&#8243;][wr_vc_client button_url=&#8221;#&#8221; image=&#8221;473&#8243;][wr_vc_client button_url=&#8221;#&#8221; image=&#8221;477&#8243;][\/wr_vc_clients][vc_btn title=&#8221;All References&#8221; color=&#8221;orange&#8221; size=&#8221;lg&#8221; i_align=&#8221;right&#8221; i_icon_fontawesome=&#8221;fas fa-angle-double-right&#8221; add_icon=&#8221;true&#8221; link=&#8221;url:https%3A%2F%2Fwww.tual.com.tr%2Freferanslar%2F|title:Referanslar||&#8221; css=&#8221;.vc_custom_1683131536649{margin-top: 30px !important;}&#8221;][\/vc_column][\/vc_row]","protected":false},"excerpt":{"rendered":"<p>[vc_row scrollrow=&#8221;st2&#8243; scroll_id=&#8221;sec2&#8243; enabletitle=&#8221;st2&#8243; nastik_sec_title=&#8221;Product&#8221; nastik_sec_number=&#8221;01&#8243; nastik_sec_dectiption=&#8221;The most stylish way to protect from the sun: Tual Tente&#8217;s rich selection of pergola and sunshade options.&#8221;][vc_column][vc_row_inner][vc_column_inner width=&#8221;1\/3&#8243;][vc_single_image image=&#8221;530&#8243; img_size=&#8221;full&#8221; style=&#8221;vc_box_outline_circle&#8221; border_color=&#8221;orange&#8221; onclick=&#8221;custom_link&#8221; link=&#8221;https:\/\/www.tual.com.tr\/portfolio\/rolluproof\/&#8221;][vc_single_image image=&#8221;609&#8243; img_size=&#8221;full&#8221; style=&#8221;vc_box_outline&#8221; onclick=&#8221;custom_link&#8221; link=&#8221;https:\/\/www.tual.com.tr\/portfolio\/flextual\/&#8221;][vc_single_image image=&#8221;594&#8243; img_size=&#8221;full&#8221; style=&#8221;vc_box_outline_circle&#8221; border_color=&#8221;violet&#8221; onclick=&#8221;custom_link&#8221; link=&#8221;https:\/\/www.tual.com.tr\/portfolio\/boxtual\/&#8221;][vc_single_image image=&#8221;562&#8243; img_size=&#8221;full&#8221; style=&#8221;vc_box_outline&#8221; onclick=&#8221;custom_link&#8221; link=&#8221;https:\/\/www.tual.com.tr\/portfolio\/styletual\/&#8221;][vc_single_image image=&#8221;1243&#8243; img_size=&#8221;medium&#8221; style=&#8221;vc_box_outline_circle&#8221;][\/vc_column_inner][vc_column_inner width=&#8221;1\/3&#8243;][vc_single_image image=&#8221;633&#8243; img_size=&#8221;full&#8221; style=&#8221;vc_box_outline_circle&#8221; border_color=&#8221;orange&#8221;..<\/p>\n","protected":false},"author":1,"featured_media":0,"parent":0,"menu_order":0,"comment_status":"closed","ping_status":"closed","template":"one-page.php","meta":{"footnotes":""},"class_list":["post-47","page","type-page","status-publish","hentry"],"yoast_head":"<!-- This site is optimized with the Yoast SEO plugin v14.6.1 - https:\/\/yoast.com\/wordpress\/plugins\/seo\/ -->\n<title>Tual Tente | Tual Global | Tual Bioclimatic PergolasTual Tente | Tual Global | Tual Bioclimatic Pergolas<\/title>\n<meta name=\"description\" content=\"Ya\u015fam alanlar\u0131n\u0131zda; cafelerde, restoranlarda ve konutlar\u0131n\u0131z\u0131n bah\u00e7e, teras, veranda b\u00f6l\u00fcmlerinde memnuniyetinizi artt\u0131rmak bizim temel ilkemizdir.\" \/>\n<meta name=\"robots\" content=\"index, follow\" \/>\n<meta name=\"googlebot\" content=\"index, follow, max-snippet:-1, max-image-preview:large, max-video-preview:-1\" \/>\n<meta name=\"bingbot\" content=\"index, follow, max-snippet:-1, max-image-preview:large, max-video-preview:-1\" \/>\n<link rel=\"canonical\" href=\"https:\/\/www.tual.com.tr\/\" \/>\n<meta property=\"og:locale\" content=\"en_US\" \/>\n<meta property=\"og:type\" content=\"article\" \/>\n<meta property=\"og:title\" content=\"[:tr]Tual Tente | Tual Global | Tual Bioclimatic PergolasTual Tente | Tual Global | Tual Bioclimatic PergolasTual Tente | Tual Global | Tual Bioclimatic PergolasTual Tente | Tual Global | Tual Bioclimatic Pergolas[:en]Tual Tente | Tual Global | Tual Bioclimatic PergolasTual Tente | Tual Global | Tual Bioclimatic Pergolas[:fr]Tual Tente | Tual Global | Tual Bioclimatic PergolasTual Tente | Tual Global | Tual Bioclimatic Pergolas[:]\" \/>\n<meta property=\"og:description\" content=\"Ya\u015fam alanlar\u0131n\u0131zda; cafelerde, restoranlarda ve konutlar\u0131n\u0131z\u0131n bah\u00e7e, teras, veranda b\u00f6l\u00fcmlerinde memnuniyetinizi artt\u0131rmak bizim temel ilkemizdir.\" \/>\n<meta property=\"og:url\" content=\"https:\/\/www.tual.com.tr\/\" \/>\n<meta property=\"og:site_name\" content=\"Tual Tente | Tual Global | Tual Bioclimatic Pergolas\" \/>\n<meta property=\"article:publisher\" content=\"https:\/\/www.facebook.com\/Tualtente?mibextid=LQQJ4d%2f\" \/>\n<meta property=\"article:modified_time\" content=\"2023-05-16T08:27:46+00:00\" \/>\n<meta name=\"twitter:card\" content=\"summary_large_image\" \/>\n<script type=\"application\/ld+json\" class=\"yoast-schema-graph\">{\"@context\":\"https:\/\/schema.org\",\"@graph\":[{\"@type\":\"Organization\",\"@id\":\"https:\/\/www.tual.com.tr\/en\/#organization\",\"name\":\"Tual Tente\",\"url\":\"https:\/\/www.tual.com.tr\/en\/\",\"sameAs\":[\"https:\/\/www.facebook.com\/Tualtente?mibextid=LQQJ4d\/\",\"https:\/\/www.instagram.com\/tualtente\/\",\"https:\/\/www.linkedin.com\/company\/tual-tente\/\",\"https:\/\/www.youtube.com\/@tualtente4494\"],\"logo\":{\"@type\":\"ImageObject\",\"@id\":\"https:\/\/www.tual.com.tr\/en\/#logo\",\"inLanguage\":\"en-US\",\"url\":\"https:\/\/www.tual.com.tr\/wp-content\/uploads\/2020\/02\/tual-logo-400x400-1.png\",\"width\":400,\"height\":400,\"caption\":\"Tual Tente\"},\"image\":{\"@id\":\"https:\/\/www.tual.com.tr\/en\/#logo\"}},{\"@type\":\"WebSite\",\"@id\":\"https:\/\/www.tual.com.tr\/en\/#website\",\"url\":\"https:\/\/www.tual.com.tr\/en\/\",\"name\":\"Tual Tente | Tual Global | Tual Bioclimatic Pergolas\",\"description\":\"\",\"publisher\":{\"@id\":\"https:\/\/www.tual.com.tr\/en\/#organization\"},\"potentialAction\":[{\"@type\":\"SearchAction\",\"target\":\"https:\/\/www.tual.com.tr\/en\/?s={search_term_string}\",\"query-input\":\"required name=search_term_string\"}],\"inLanguage\":\"en-US\"},{\"@type\":\"WebPage\",\"@id\":\"https:\/\/www.tual.com.tr\/#webpage\",\"url\":\"https:\/\/www.tual.com.tr\/\",\"name\":\"[:tr]Tual Tente | Tual Global | Tual Bioclimatic PergolasTual Tente | Tual Global | Tual Bioclimatic PergolasTual Tente | Tual Global | Tual Bioclimatic PergolasTual Tente | Tual Global | Tual Bioclimatic Pergolas[:en]Tual Tente | Tual Global | Tual Bioclimatic PergolasTual Tente | Tual Global | Tual Bioclimatic Pergolas[:fr]Tual Tente | Tual Global | Tual Bioclimatic PergolasTual Tente | Tual Global | Tual Bioclimatic Pergolas[:]\",\"isPartOf\":{\"@id\":\"https:\/\/www.tual.com.tr\/en\/#website\"},\"datePublished\":\"2019-10-20T15:47:26+00:00\",\"dateModified\":\"2023-05-16T08:27:46+00:00\",\"description\":\"Ya\\u015fam alanlar\\u0131n\\u0131zda; cafelerde, restoranlarda ve konutlar\\u0131n\\u0131z\\u0131n bah\\u00e7e, teras, veranda b\\u00f6l\\u00fcmlerinde memnuniyetinizi artt\\u0131rmak bizim temel ilkemizdir.\",\"inLanguage\":\"en-US\",\"potentialAction\":[{\"@type\":\"ReadAction\",\"target\":[\"https:\/\/www.tual.com.tr\/\"]}]}]}<\/script>\n<!-- \/ Yoast SEO plugin. -->","_links":{"self":[{"href":"https:\/\/www.tual.com.tr\/en\/wp-json\/wp\/v2\/pages\/47","targetHints":{"allow":["GET"]}}],"collection":[{"href":"https:\/\/www.tual.com.tr\/en\/wp-json\/wp\/v2\/pages"}],"about":[{"href":"https:\/\/www.tual.com.tr\/en\/wp-json\/wp\/v2\/types\/page"}],"author":[{"embeddable":true,"href":"https:\/\/www.tual.com.tr\/en\/wp-json\/wp\/v2\/users\/1"}],"replies":[{"embeddable":true,"href":"https:\/\/www.tual.com.tr\/en\/wp-json\/wp\/v2\/comments?post=47"}],"version-history":[{"count":201,"href":"https:\/\/www.tual.com.tr\/en\/wp-json\/wp\/v2\/pages\/47\/revisions"}],"predecessor-version":[{"id":18718,"href":"https:\/\/www.tual.com.tr\/en\/wp-json\/wp\/v2\/pages\/47\/revisions\/18718"}],"wp:attachment":[{"href":"https:\/\/www.tual.com.tr\/en\/wp-json\/wp\/v2\/media?parent=47"}],"curies":[{"name":"wp","href":"https:\/\/api.w.org\/{rel}","templated":true}]}}