{"id":149,"date":"2019-10-22T19:41:13","date_gmt":"2019-10-22T19:41:13","guid":{"rendered":"http:\/\/nastik.webredox.net\/?page_id=149"},"modified":"2023-04-09T18:23:52","modified_gmt":"2023-04-09T15:23:52","slug":"iletisim","status":"publish","type":"page","link":"https:\/\/www.tual.com.tr\/es\/iletisim\/","title":{"rendered":"Contacto"},"content":{"rendered":"[vc_row sec_padding_top=&#8221;0&#8243; enabletitle=&#8221;st2&#8243; nastik_sec_title=&#8221;Contact Info&#8221; nastik_sec_number=&#8221;01&#8243; nastik_sec_dectiption=&#8221;TUAL TENTE | TUAL GLOBAL&#8221;][vc_column][wr_vc_contacts][wr_vc_contact title=&#8221;Sala De Exposici\u00f3n&#8221; url=&#8221;#&#8221; url_text=&#8221;Mustafa Kemal Mahallesi 2141.Cadde No:31\/A \u00c7ankaya\/Ankara\/T\u00fcrkiye&#8221;][wr_vc_contact title=&#8221;F\u00e1brica&#8221; url=&#8221;#&#8221; url_text=&#8221;Saray Sanayi Sitesi Da\u011fyaka Mahallesi Da\u011fyaka Caddesi No:26 Kahramankazan\/Ankara\/T\u00fcrkiye&#8221;][wr_vc_contact title=&#8221;Tel\u00e9fono&#8221; iconclass=&#8221;fal fa-mobile-android&#8221; link_type=&#8221;st3&#8243; url=&#8221;+90 (312) 395 67 01&#8243;][\/wr_vc_contacts][wr_vc_contacts][wr_vc_contact title=&#8221;M\u00f3vil&#8221; iconclass=&#8221;fal fa-mobile-android&#8221; link_type=&#8221;st3&#8243; url=&#8221;+90 (549) 395 67 04&#8243;][wr_vc_contact title=&#8221;E-mail&#8221; iconclass=&#8221;fal fa-envelope-open&#8221; link_type=&#8221;st2&#8243; url=&#8221;info@tualglobal.com&#8221;][\/wr_vc_contacts][vc_gmaps link=&#8221;#E-8_JTNDaWZyYW1lJTIwc3JjJTNEJTIyaHR0cHMlM0ElMkYlMkZ3d3cuZ29vZ2xlLmNvbSUyRm1hcHMlMkZlbWJlZCUzRnBiJTNEJTIxMW0xNCUyMTFtOCUyMTFtMyUyMTFkMTIyNDAuNjQ2OTMwNDcwNTI0JTIxMmQzMi43NzI1NjMxJTIxM2QzOS45MTUzOTY3JTIxM20yJTIxMWkxMDI0JTIxMmk3NjglMjE0ZjEzLjElMjEzbTMlMjExbTIlMjExczB4MCUyNTNBMHg3MWZlOWJlODA2OGFiNTUlMjEyc1R1YWwlMjUyMFRlbnRlJTI1MjBHJTI1QzMlMjVCQ25lJTI1QzUlMjU5RmxpayUyNTIwU2lzdGVtbGVyaSUyNTIwU2hvd3Jvb20lMjE1ZTAlMjEzbTIlMjExc3RyJTIxMnN0ciUyMTR2MTY1MDUxNzE4NDYxNSUyMTVtMiUyMTFzdHIlMjEyc3RyJTIyJTIwd2lkdGglM0QlMjI2MDAlMjIlMjBoZWlnaHQlM0QlMjI0NTAlMjIlMjBzdHlsZSUzRCUyMmJvcmRlciUzQTAlM0IlMjIlMjBhbGxvd2Z1bGxzY3JlZW4lM0QlMjIlMjIlMjBsb2FkaW5nJTNEJTIybGF6eSUyMiUyMHJlZmVycmVycG9saWN5JTNEJTIybm8tcmVmZXJyZXItd2hlbi1kb3duZ3JhZGUlMjIlM0UlM0MlMkZpZnJhbWUlM0U=&#8221;][\/vc_column][\/vc_row]","protected":false},"excerpt":{"rendered":"<p>[vc_row sec_padding_top=&#8221;0&#8243; enabletitle=&#8221;st2&#8243; nastik_sec_title=&#8221;Contact Info&#8221; nastik_sec_number=&#8221;01&#8243; nastik_sec_dectiption=&#8221;TUAL TENTE | TUAL GLOBAL&#8221;][vc_column][wr_vc_contacts][wr_vc_contact title=&#8221;Sala De Exposici\u00f3n&#8221; url=&#8221;#&#8221; url_text=&#8221;Mustafa Kemal Mahallesi 2141.Cadde No:31\/A \u00c7ankaya\/Ankara\/T\u00fcrkiye&#8221;][wr_vc_contact title=&#8221;F\u00e1brica&#8221; url=&#8221;#&#8221; url_text=&#8221;Saray Sanayi Sitesi Da\u011fyaka Mahallesi Da\u011fyaka Caddesi No:26 Kahramankazan\/Ankara\/T\u00fcrkiye&#8221;][wr_vc_contact title=&#8221;Tel\u00e9fono&#8221; iconclass=&#8221;fal fa-mobile-android&#8221; link_type=&#8221;st3&#8243; url=&#8221;+90 (312) 395 67 01&#8243;][\/wr_vc_contacts][wr_vc_contacts][wr_vc_contact title=&#8221;M\u00f3vil&#8221; iconclass=&#8221;fal fa-mobile-android&#8221; link_type=&#8221;st3&#8243; url=&#8221;+90 (549) 395 67 04&#8243;][wr_vc_contact title=&#8221;E-mail&#8221; iconclass=&#8221;fal fa-envelope-open&#8221; link_type=&#8221;st2&#8243; url=&#8221;info@tualglobal.com&#8221;][\/wr_vc_contacts][vc_gmaps..<\/p>\n","protected":false},"author":1,"featured_media":1331,"parent":0,"menu_order":0,"comment_status":"closed","ping_status":"closed","template":"","meta":{"footnotes":""},"class_list":["post-149","page","type-page","status-publish","has-post-thumbnail","hentry"],"yoast_head":"<!-- This site is optimized with the Yoast SEO plugin v14.6.1 - https:\/\/yoast.com\/wordpress\/plugins\/seo\/ -->\n<title>Contacto - Tual Tente | Tual Global | Tual Bioclimatic Pergolas<\/title>\n<meta name=\"robots\" content=\"index, follow\" \/>\n<meta name=\"googlebot\" content=\"index, follow, max-snippet:-1, max-image-preview:large, max-video-preview:-1\" \/>\n<meta name=\"bingbot\" content=\"index, follow, max-snippet:-1, max-image-preview:large, max-video-preview:-1\" \/>\n<link rel=\"canonical\" href=\"https:\/\/www.tual.com.tr\/iletisim\/\" \/>\n<meta property=\"og:locale\" content=\"es_ES\" \/>\n<meta property=\"og:type\" content=\"article\" \/>\n<meta property=\"og:title\" content=\"Contacto - Tual Tente | Tual Global | Tual Bioclimatic Pergolas\" \/>\n<meta property=\"og:url\" content=\"https:\/\/www.tual.com.tr\/iletisim\/\" \/>\n<meta property=\"og:site_name\" content=\"Tual Tente | Tual Global | Tual Bioclimatic Pergolas\" \/>\n<meta property=\"article:publisher\" content=\"https:\/\/www.facebook.com\/Tualtente?mibextid=LQQJ4d%2f\" \/>\n<meta property=\"article:modified_time\" content=\"2023-04-09T15:23:52+00:00\" \/>\n<meta property=\"og:image\" content=\"https:\/\/www.tual.com.tr\/wp-content\/uploads\/2022\/06\/20220601_100742-scaled.jpg\" \/>\n\t<meta property=\"og:image:width\" content=\"1440\" \/>\n\t<meta property=\"og:image:height\" content=\"2560\" \/>\n<meta name=\"twitter:card\" content=\"summary_large_image\" \/>\n<script type=\"application\/ld+json\" class=\"yoast-schema-graph\">{\"@context\":\"https:\/\/schema.org\",\"@graph\":[{\"@type\":\"Organization\",\"@id\":\"https:\/\/www.tual.com.tr\/es\/#organization\",\"name\":\"Tual Tente\",\"url\":\"https:\/\/www.tual.com.tr\/es\/\",\"sameAs\":[\"https:\/\/www.facebook.com\/Tualtente?mibextid=LQQJ4d\/\",\"https:\/\/www.instagram.com\/tualtente\/\",\"https:\/\/www.linkedin.com\/company\/tual-tente\/\",\"https:\/\/www.youtube.com\/@tualtente4494\"],\"logo\":{\"@type\":\"ImageObject\",\"@id\":\"https:\/\/www.tual.com.tr\/es\/#logo\",\"inLanguage\":\"es\",\"url\":\"https:\/\/www.tual.com.tr\/wp-content\/uploads\/2020\/02\/tual-logo-400x400-1.png\",\"width\":400,\"height\":400,\"caption\":\"Tual Tente\"},\"image\":{\"@id\":\"https:\/\/www.tual.com.tr\/es\/#logo\"}},{\"@type\":\"WebSite\",\"@id\":\"https:\/\/www.tual.com.tr\/es\/#website\",\"url\":\"https:\/\/www.tual.com.tr\/es\/\",\"name\":\"Tual Tente | Tual Global | Tual Bioclimatic Pergolas\",\"description\":\"\",\"publisher\":{\"@id\":\"https:\/\/www.tual.com.tr\/es\/#organization\"},\"potentialAction\":[{\"@type\":\"SearchAction\",\"target\":\"https:\/\/www.tual.com.tr\/es\/?s={search_term_string}\",\"query-input\":\"required name=search_term_string\"}],\"inLanguage\":\"es\"},{\"@type\":\"ImageObject\",\"@id\":\"https:\/\/www.tual.com.tr\/iletisim\/#primaryimage\",\"inLanguage\":\"es\",\"url\":\"https:\/\/www.tual.com.tr\/wp-content\/uploads\/2022\/06\/20220601_100742-scaled.jpg\",\"width\":1440,\"height\":2560},{\"@type\":\"WebPage\",\"@id\":\"https:\/\/www.tual.com.tr\/iletisim\/#webpage\",\"url\":\"https:\/\/www.tual.com.tr\/iletisim\/\",\"name\":\"Contacto - Tual Tente | Tual Global | Tual Bioclimatic Pergolas\",\"isPartOf\":{\"@id\":\"https:\/\/www.tual.com.tr\/es\/#website\"},\"primaryImageOfPage\":{\"@id\":\"https:\/\/www.tual.com.tr\/iletisim\/#primaryimage\"},\"datePublished\":\"2019-10-22T19:41:13+00:00\",\"dateModified\":\"2023-04-09T15:23:52+00:00\",\"inLanguage\":\"es\",\"potentialAction\":[{\"@type\":\"ReadAction\",\"target\":[\"https:\/\/www.tual.com.tr\/iletisim\/\"]}]}]}<\/script>\n<!-- \/ Yoast SEO plugin. -->","_links":{"self":[{"href":"https:\/\/www.tual.com.tr\/es\/wp-json\/wp\/v2\/pages\/149","targetHints":{"allow":["GET"]}}],"collection":[{"href":"https:\/\/www.tual.com.tr\/es\/wp-json\/wp\/v2\/pages"}],"about":[{"href":"https:\/\/www.tual.com.tr\/es\/wp-json\/wp\/v2\/types\/page"}],"author":[{"embeddable":true,"href":"https:\/\/www.tual.com.tr\/es\/wp-json\/wp\/v2\/users\/1"}],"replies":[{"embeddable":true,"href":"https:\/\/www.tual.com.tr\/es\/wp-json\/wp\/v2\/comments?post=149"}],"version-history":[{"count":29,"href":"https:\/\/www.tual.com.tr\/es\/wp-json\/wp\/v2\/pages\/149\/revisions"}],"predecessor-version":[{"id":1341,"href":"https:\/\/www.tual.com.tr\/es\/wp-json\/wp\/v2\/pages\/149\/revisions\/1341"}],"wp:featuredmedia":[{"embeddable":true,"href":"https:\/\/www.tual.com.tr\/es\/wp-json\/wp\/v2\/media\/1331"}],"wp:attachment":[{"href":"https:\/\/www.tual.com.tr\/es\/wp-json\/wp\/v2\/media?parent=149"}],"curies":[{"name":"wp","href":"https:\/\/api.w.org\/{rel}","templated":true}]}}