{"id":414,"date":"2020-02-08T17:21:03","date_gmt":"2020-02-08T14:21:03","guid":{"rendered":"https:\/\/tual.com.tr\/?page_id=414"},"modified":"2023-05-04T16:07:38","modified_gmt":"2023-05-04T13:07:38","slug":"hakkimizda","status":"publish","type":"page","link":"https:\/\/www.tual.com.tr\/es\/hakkimizda\/","title":{"rendered":"Sobre Nosotros"},"content":{"rendered":"[vc_row][vc_column][vc_custom_heading text=&#8221;\u00bfQUIENES SOMOS?&#8221; font_container=&#8221;tag:h2|font_size:26|text_align:left&#8221; use_theme_fonts=&#8221;yes&#8221;][vc_column_text el_class=&#8221;display-5&#8243;]Tual Tente es una empresa que ha estado sirviendo en el sector de sistemas de sombreado en Turqu\u00eda durante m\u00e1s de 13 a\u00f1os y se centra en la satisfacci\u00f3n del cliente. Nuestros productos de alta calidad y excelente servicio nos permiten ofrecer las mejores soluciones para satisfacer las necesidades de nuestros clientes. Al seguir de cerca los desarrollos actuales en el sector, renovamos nuestros productos y expandimos nuestra gama de productos.[\/vc_column_text][vc_column_text el_class=&#8221;display-5&#8243;]Como aument\u00f3 la demanda de nuestros productos y servicios, decidimos expandir nuestra red de distribuidores y lanzamos la marca Tual Global. Estamos en camino de convertirnos en una marca internacional que otorga distribuci\u00f3n mediante la expansi\u00f3n de nuestra f\u00e1brica y equipo.[\/vc_column_text][vc_column_text el_class=&#8221;display-5&#8243;]Ofrecemos los mejores productos de calidad, un excelente servicio y toda la informaci\u00f3n necesaria para completar sus proyectos de la mejor manera posible. Como Tual Tente dise\u00f1a y fabrica los productos l\u00edderes de la industria utilizando las \u00faltimas tecnolog\u00edas. Siempre nos esforzamos por brindar productos y servicios de la m\u00e1s alta calidad a nuestros clientes que nos eligen.[\/vc_column_text][\/vc_column][\/vc_row][vc_row][vc_column][vc_hoverbox image=&#8221;18623&#8243; primary_title=&#8221;&#8221; hover_title=&#8221;&#8221;]\n<h2 class=\"vc_custom_heading\" style=\"text-align: center;\"><\/h2>\n<div class=\"wpb_text_column wpb_content_element display-5\">\n<div class=\"wpb_wrapper\">\n<p style=\"text-align: center;\">Misi\u00f3n<\/p>\n<p style=\"text-align: center;\">Como Tual Tente, nuestro objetivo es ofrecer a nuestros valiosos clientes los productos y servicios de la m\u00e1s alta calidad para ayudarles a experimentar momentos c\u00f3modos y agradables en sus espacios de vida. Con dise\u00f1os innovadores, confiables y superiores, nos esforzamos por hacer su vida m\u00e1s f\u00e1cil y mejorar su calidad de vida. Mantenemos la satisfacci\u00f3n del cliente en el centro de nuestras operaciones, mejor\u00e1ndonos continuamente y manteni\u00e9ndonos actualizados con las \u00faltimas innovaciones para brindar un servicio cada vez mejor.<\/p>\n<\/div>\n<\/div>\n[\/vc_hoverbox][\/vc_column][\/vc_row][vc_row][vc_column][vc_hoverbox image=&#8221;18625&#8243; primary_title=&#8221;&#8221; hover_title=&#8221;&#8221;]\n<h2 class=\"vc_custom_heading\" style=\"text-align: center;\"><\/h2>\n<div class=\"wpb_text_column wpb_content_element display-5\">\n<div class=\"wpb_wrapper\">\n<p style=\"text-align: center;\">Visi\u00f3n<\/p>\n<p style=\"text-align: center;\">Nuestra visi\u00f3n en Tual Tente siempre apunta hacia objetivos m\u00e1s altos. Nuestro objetivo es dejar una marca especial en sus espacios con dise\u00f1os cuidadosamente elaborados, \u00fanicos y de alta calidad. Al mantener la satisfacci\u00f3n del cliente, aumentar los est\u00e1ndares de calidad en nuestros productos y ofrecer soluciones innovadoras, buscamos convertir nuestro creciente valor de marca en una marca reconocida no solo en Turqu\u00eda sino tambi\u00e9n en todo el mundo. Estamos trabajando para crecer junto con nuestros clientes y convertirnos en una marca l\u00edder a nivel internacional.<\/p>\n<\/div>\n<\/div>\n[\/vc_hoverbox][\/vc_column][\/vc_row]","protected":false},"excerpt":{"rendered":"<p>[vc_row][vc_column][vc_custom_heading text=&#8221;\u00bfQUIENES SOMOS?&#8221; font_container=&#8221;tag:h2|font_size:26|text_align:left&#8221; use_theme_fonts=&#8221;yes&#8221;][vc_column_text el_class=&#8221;display-5&#8243;]Tual Tente es una empresa que ha estado sirviendo en el sector de sistemas de sombreado en Turqu\u00eda durante m\u00e1s de 13 a\u00f1os y se centra en la satisfacci\u00f3n del cliente. Nuestros productos de alta calidad y excelente servicio nos permiten ofrecer las mejores soluciones para satisfacer las necesidades de..<\/p>\n","protected":false},"author":1,"featured_media":18598,"parent":0,"menu_order":0,"comment_status":"closed","ping_status":"closed","template":"","meta":{"footnotes":""},"class_list":["post-414","page","type-page","status-publish","has-post-thumbnail","hentry"],"yoast_head":"<!-- This site is optimized with the Yoast SEO plugin v14.6.1 - https:\/\/yoast.com\/wordpress\/plugins\/seo\/ -->\n<title>Sobre Nosotros - Tual Tente | Tual Global | Tual Bioclimatic Pergolas<\/title>\n<meta name=\"description\" content=\"Tual Tente, T\u00fcrkiye&#039;deki g\u00fcne\u015flik sistemleri sekt\u00f6r\u00fcnde 13 y\u0131l\u0131 a\u015fk\u0131n bir s\u00fcredir hizmet veren ve m\u00fc\u015fteri memnuniyeti odakl\u0131 \u00e7al\u0131\u015fan bir firmad\u0131r.Y\u00fcksek\" \/>\n<meta name=\"robots\" content=\"index, follow\" \/>\n<meta name=\"googlebot\" content=\"index, follow, max-snippet:-1, max-image-preview:large, max-video-preview:-1\" \/>\n<meta name=\"bingbot\" content=\"index, follow, max-snippet:-1, max-image-preview:large, max-video-preview:-1\" \/>\n<link rel=\"canonical\" href=\"https:\/\/www.tual.com.tr\/hakkimizda\/\" \/>\n<meta property=\"og:locale\" content=\"es_ES\" \/>\n<meta property=\"og:type\" content=\"article\" \/>\n<meta property=\"og:title\" content=\"Sobre Nosotros - Tual Tente | Tual Global | Tual Bioclimatic Pergolas\" \/>\n<meta property=\"og:description\" content=\"Tual Tente, T\u00fcrkiye&#039;deki g\u00fcne\u015flik sistemleri sekt\u00f6r\u00fcnde 13 y\u0131l\u0131 a\u015fk\u0131n bir s\u00fcredir hizmet veren ve m\u00fc\u015fteri memnuniyeti odakl\u0131 \u00e7al\u0131\u015fan bir firmad\u0131r.Y\u00fcksek\" \/>\n<meta property=\"og:url\" content=\"https:\/\/www.tual.com.tr\/hakkimizda\/\" \/>\n<meta property=\"og:site_name\" content=\"Tual Tente | Tual Global | Tual Bioclimatic Pergolas\" \/>\n<meta property=\"article:publisher\" content=\"https:\/\/www.facebook.com\/Tualtente?mibextid=LQQJ4d%2f\" \/>\n<meta property=\"article:modified_time\" content=\"2023-05-04T13:07:38+00:00\" \/>\n<meta property=\"og:image\" content=\"https:\/\/www.tual.com.tr\/wp-content\/uploads\/2023\/05\/hakk\u0131m\u0131zad.png\" \/>\n\t<meta property=\"og:image:width\" content=\"1200\" \/>\n\t<meta property=\"og:image:height\" content=\"800\" \/>\n<meta name=\"twitter:card\" content=\"summary_large_image\" \/>\n<script type=\"application\/ld+json\" class=\"yoast-schema-graph\">{\"@context\":\"https:\/\/schema.org\",\"@graph\":[{\"@type\":\"Organization\",\"@id\":\"https:\/\/www.tual.com.tr\/es\/#organization\",\"name\":\"Tual Tente\",\"url\":\"https:\/\/www.tual.com.tr\/es\/\",\"sameAs\":[\"https:\/\/www.facebook.com\/Tualtente?mibextid=LQQJ4d\/\",\"https:\/\/www.instagram.com\/tualtente\/\",\"https:\/\/www.linkedin.com\/company\/tual-tente\/\",\"https:\/\/www.youtube.com\/@tualtente4494\"],\"logo\":{\"@type\":\"ImageObject\",\"@id\":\"https:\/\/www.tual.com.tr\/es\/#logo\",\"inLanguage\":\"es\",\"url\":\"https:\/\/www.tual.com.tr\/wp-content\/uploads\/2020\/02\/tual-logo-400x400-1.png\",\"width\":400,\"height\":400,\"caption\":\"Tual Tente\"},\"image\":{\"@id\":\"https:\/\/www.tual.com.tr\/es\/#logo\"}},{\"@type\":\"WebSite\",\"@id\":\"https:\/\/www.tual.com.tr\/es\/#website\",\"url\":\"https:\/\/www.tual.com.tr\/es\/\",\"name\":\"Tual Tente | Tual Global | Tual Bioclimatic Pergolas\",\"description\":\"\",\"publisher\":{\"@id\":\"https:\/\/www.tual.com.tr\/es\/#organization\"},\"potentialAction\":[{\"@type\":\"SearchAction\",\"target\":\"https:\/\/www.tual.com.tr\/es\/?s={search_term_string}\",\"query-input\":\"required name=search_term_string\"}],\"inLanguage\":\"es\"},{\"@type\":\"ImageObject\",\"@id\":\"https:\/\/www.tual.com.tr\/hakkimizda\/#primaryimage\",\"inLanguage\":\"es\",\"url\":\"https:\/\/www.tual.com.tr\/wp-content\/uploads\/2023\/05\/hakk\\u0131m\\u0131zad.png\",\"width\":1200,\"height\":800},{\"@type\":\"WebPage\",\"@id\":\"https:\/\/www.tual.com.tr\/hakkimizda\/#webpage\",\"url\":\"https:\/\/www.tual.com.tr\/hakkimizda\/\",\"name\":\"Sobre Nosotros - Tual Tente | Tual Global | Tual Bioclimatic Pergolas\",\"isPartOf\":{\"@id\":\"https:\/\/www.tual.com.tr\/es\/#website\"},\"primaryImageOfPage\":{\"@id\":\"https:\/\/www.tual.com.tr\/hakkimizda\/#primaryimage\"},\"datePublished\":\"2020-02-08T14:21:03+00:00\",\"dateModified\":\"2023-05-04T13:07:38+00:00\",\"description\":\"Tual Tente, T\\u00fcrkiye'deki g\\u00fcne\\u015flik sistemleri sekt\\u00f6r\\u00fcnde 13 y\\u0131l\\u0131 a\\u015fk\\u0131n bir s\\u00fcredir hizmet veren ve m\\u00fc\\u015fteri memnuniyeti odakl\\u0131 \\u00e7al\\u0131\\u015fan bir firmad\\u0131r.Y\\u00fcksek\",\"inLanguage\":\"es\",\"potentialAction\":[{\"@type\":\"ReadAction\",\"target\":[\"https:\/\/www.tual.com.tr\/hakkimizda\/\"]}]}]}<\/script>\n<!-- \/ Yoast SEO plugin. -->","_links":{"self":[{"href":"https:\/\/www.tual.com.tr\/es\/wp-json\/wp\/v2\/pages\/414","targetHints":{"allow":["GET"]}}],"collection":[{"href":"https:\/\/www.tual.com.tr\/es\/wp-json\/wp\/v2\/pages"}],"about":[{"href":"https:\/\/www.tual.com.tr\/es\/wp-json\/wp\/v2\/types\/page"}],"author":[{"embeddable":true,"href":"https:\/\/www.tual.com.tr\/es\/wp-json\/wp\/v2\/users\/1"}],"replies":[{"embeddable":true,"href":"https:\/\/www.tual.com.tr\/es\/wp-json\/wp\/v2\/comments?post=414"}],"version-history":[{"count":50,"href":"https:\/\/www.tual.com.tr\/es\/wp-json\/wp\/v2\/pages\/414\/revisions"}],"predecessor-version":[{"id":18601,"href":"https:\/\/www.tual.com.tr\/es\/wp-json\/wp\/v2\/pages\/414\/revisions\/18601"}],"wp:featuredmedia":[{"embeddable":true,"href":"https:\/\/www.tual.com.tr\/es\/wp-json\/wp\/v2\/media\/18598"}],"wp:attachment":[{"href":"https:\/\/www.tual.com.tr\/es\/wp-json\/wp\/v2\/media?parent=414"}],"curies":[{"name":"wp","href":"https:\/\/api.w.org\/{rel}","templated":true}]}}