{"id":47,"date":"2019-10-20T18:47:26","date_gmt":"2019-10-20T15:47:26","guid":{"rendered":"http:\/\/nastik.webredox.net\/index.php\/parallax-image-copy\/"},"modified":"2023-05-16T11:27:46","modified_gmt":"2023-05-16T08:27:46","slug":"slider","status":"publish","type":"page","link":"https:\/\/www.tual.com.tr\/es\/","title":{"rendered":"P\u00e1gina Principal"},"content":{"rendered":"[vc_row scrollrow=&#8221;st2&#8243; scroll_id=&#8221;sec2&#8243; enabletitle=&#8221;st2&#8243; nastik_sec_title=&#8221;Productos&#8221; nastik_sec_number=&#8221;01&#8243; nastik_sec_dectiption=&#8221;La forma m\u00e1s elegante de protegerse del sol: la amplia selecci\u00f3n de opciones de p\u00e9rgolas y toldos de Tual Tente.&#8221;][vc_column][vc_row_inner][vc_column_inner width=&#8221;1\/3&#8243;][vc_single_image image=&#8221;530&#8243; img_size=&#8221;full&#8221; style=&#8221;vc_box_outline_circle&#8221; border_color=&#8221;orange&#8221; onclick=&#8221;custom_link&#8221; link=&#8221;https:\/\/www.tual.com.tr\/portfolio\/rolluproof\/&#8221;][vc_single_image image=&#8221;609&#8243; img_size=&#8221;full&#8221; style=&#8221;vc_box_outline&#8221; onclick=&#8221;custom_link&#8221; link=&#8221;https:\/\/www.tual.com.tr\/portfolio\/flextual\/&#8221;][vc_single_image image=&#8221;594&#8243; img_size=&#8221;full&#8221; style=&#8221;vc_box_outline_circle&#8221; border_color=&#8221;violet&#8221; onclick=&#8221;custom_link&#8221; link=&#8221;https:\/\/www.tual.com.tr\/portfolio\/boxtual\/&#8221;][vc_single_image image=&#8221;562&#8243; img_size=&#8221;full&#8221; style=&#8221;vc_box_outline&#8221; onclick=&#8221;custom_link&#8221; link=&#8221;https:\/\/www.tual.com.tr\/portfolio\/styletual\/&#8221;][vc_single_image image=&#8221;1243&#8243; img_size=&#8221;medium&#8221; style=&#8221;vc_box_outline_circle&#8221;][\/vc_column_inner][vc_column_inner width=&#8221;1\/3&#8243;][vc_single_image image=&#8221;633&#8243; img_size=&#8221;full&#8221; style=&#8221;vc_box_outline_circle&#8221; border_color=&#8221;orange&#8221; onclick=&#8221;custom_link&#8221; link=&#8221;https:\/\/www.tual.com.tr\/portfolio\/pergotual\/&#8221;][vc_single_image image=&#8221;718&#8243; img_size=&#8221;full&#8221; style=&#8221;vc_box_outline&#8221; onclick=&#8221;custom_link&#8221; link=&#8221;https:\/\/www.tual.com.tr\/portfolio\/tenttual\/&#8221;][vc_single_image image=&#8221;721&#8243; img_size=&#8221;full&#8221; style=&#8221;vc_box_outline_circle&#8221; border_color=&#8221;violet&#8221; onclick=&#8221;custom_link&#8221; link=&#8221;https:\/\/www.tual.com.tr\/portfolio\/ziptual\/&#8221;][vc_single_image image=&#8221;1242&#8243; img_size=&#8221;full&#8221; style=&#8221;vc_box_outline&#8221; border_color=&#8221;violet&#8221; onclick=&#8221;custom_link&#8221; link=&#8221;https:\/\/www.tual.com.tr\/portfolio\/ziptual\/&#8221;][\/vc_column_inner][vc_column_inner width=&#8221;1\/3&#8243;][vc_single_image image=&#8221;1202&#8243; img_size=&#8221;full&#8221; style=&#8221;vc_box_outline_circle&#8221; border_color=&#8221;orange&#8221; onclick=&#8221;custom_link&#8221; link=&#8221;https:\/\/www.tual.com.tr\/portfolio\/pivotroof\/&#8221;][vc_single_image image=&#8221;620&#8243; img_size=&#8221;full&#8221; style=&#8221;vc_box_outline&#8221; onclick=&#8221;custom_link&#8221; link=&#8221;https:\/\/www.tual.com.tr\/portfolio\/linetual\/&#8221;][vc_single_image image=&#8221;598&#8243; img_size=&#8221;full&#8221; style=&#8221;vc_box_outline_circle&#8221; border_color=&#8221;violet&#8221; onclick=&#8221;custom_link&#8221; link=&#8221;https:\/\/www.tual.com.tr\/portfolio\/droptual\/&#8221;][vc_single_image image=&#8221;1239&#8243; img_size=&#8221;medium&#8221; style=&#8221;vc_box_outline&#8221;][\/vc_column_inner][\/vc_row_inner][vc_row_inner][vc_column_inner]<div class=\"srv-link-text fl-wrap\"><h4>Eche un vistazo a nuestras p\u00e1ginas de productos para obtener informaci\u00f3n detallada.<\/h4><a href=\"https:\/\/www.tual.com.tr\/en\/urunler\/\" class=\"btn float-btn ajax  color-bg\" target=\"_self\">Productos<\/a><\/div>[\/vc_column_inner][\/vc_row_inner][\/vc_column][\/vc_row][vc_row row_type=&#8221;sec2&#8243; enable_corner_effect=&#8221;st2&#8243;][vc_column][vc_row_inner][vc_column_inner width=&#8221;1\/2&#8243;]<div class=\"video-box dec-img fl-wrap\"><img decoding=\"async\" src=\"https:\/\/www.tual.com.tr\/wp-content\/uploads\/2023\/05\/pivot-rooof.png\" class=\"respimg\" alt=\"pivot rooof__youtube_video_2023\"><a class=\"video-box-btn image-popup\" href=\"https:\/\/www.youtube.com\/watch?v=2jJgEFjkOsM\"><i class=\"fas fa-play\" aria-hidden=\"true\"><\/i><\/a><\/div>[\/vc_column_inner][vc_column_inner width=&#8221;1\/2&#8243;][vc_column_text]<strong>PIVOTroof<\/strong><\/p>\n<div class=\"video-promo-text fl-wrap mar-top\">\n<p>Obtenga una mejor idea de nuestros productos viendo sus presentaciones en video. Por favor visite nuestro canal de YouTube para las presentaciones en video de todos nuestros productos.<\/p>\n<p><a class=\"btn fl-btn color-bg\" href=\"https:\/\/www.youtube.com\/channel\/UC9a3jn_biw3Xs21UFvS63sw\">Otros V\u00eddeos<\/a><\/p>\n<\/div>\n[\/vc_column_text][\/vc_column_inner][\/vc_row_inner][\/vc_column][\/vc_row][vc_row scrollrow=&#8221;st2&#8243; scroll_id=&#8221;sec3&#8243; enable_top_box=&#8221;st2&#8243; enabletitle=&#8221;st2&#8243; nastik_sec_title=&#8221;Sobre nosotros&#8221; nastik_sec_number=&#8221;02&#8243; nastik_sec_dectiption=&#8221;Nuestra misi\u00f3n es mejorar sus espacios de vida con nuestros servicios de calidad en las \u00e1reas de jard\u00edn, terraza y veranda de cafeter\u00edas, restaurantes y residencias, brind\u00e1ndole confort y disfrute.&#8221; enableseparator=&#8221;st2&#8243; secpadding=&#8221;&#8221; theside_sec_title=&#8221;About me&#8221; theside_sec_number=&#8221;01&#8243; theside_sec_dectiption=&#8221;LOREM IPSUM DOLOR SIT AMET, CONSECTETUR ADIPISCING ELIT. MAECENAS IN PULVINAR NEQUE. NULLA FINIBUS LOBORTIS PULVINAR.&#8221;][vc_column width=&#8221;2\/5&#8243;]<div class=\"dec-img  fl-wrap\"><img decoding=\"async\" src=\"https:\/\/www.tual.com.tr\/wp-content\/uploads\/2023\/05\/Building-Amazig-Career-Connections.png\" class=\"respimg\" alt=\"Building Amazig Career Connections\"><\/div>[\/vc_column][vc_column width=&#8221;3\/5&#8243;][wr_vc_textblock small_title=&#8221;Tual Tente | Tual Global&#8221; big_title=&#8221;\u00bfQUI\u00c9NES SOMOS?&#8221;]Tual Tente es una empresa que opera en el campo de los sistemas autom\u00e1ticos de parasoles desde hace m\u00e1s de 13 a\u00f1os y tiene muchos clientes satisfechos en Turqu\u00eda. Debido al intenso inter\u00e9s en nuestros productos, apuntamos a desarrollar nuestra red de distribuidores y lanzamos la marca Tual Global. Con este prop\u00f3sito, ampliamos nuestra f\u00e1brica y nuestro equipo. Tual Global es la marca internacional de la empresa Tual Tente que otorga concesionarios. Siempre le brindamos los mejores productos, un excelente servicio y toda la informaci\u00f3n necesaria para completar sus proyectos con \u00e9xito.[\/wr_vc_textblock][\/vc_column][\/vc_row][vc_row row_type=&#8221;sec2&#8243;][vc_column][wr_vc_counters class=&#8221;optional_counter&#8221;][wr_vc_counter datatitle=&#8221;PROYECTOS REALIZADOS&#8221; datanumber=&#8221;2359&#8243;][wr_vc_counter datatitle=&#8221;CLIENTE CONTENTO&#8221; datanumber=&#8221;2309&#8243;][wr_vc_counter datatitle=&#8221;JORNADA LABORAL&#8221; datanumber=&#8221;24350&#8243;][wr_vc_counter datatitle=&#8221;PROYECTO EN MARCHA&#8221; datanumber=&#8221;16&#8243;][\/wr_vc_counters][\/vc_column][\/vc_row][vc_row scrollrow=&#8221;st2&#8243; scroll_id=&#8221;sec4&#8243; enabletitle=&#8221;st2&#8243; nastik_sec_title=&#8221;PROCESO&#8221; nastik_sec_number=&#8221;03&#8243; nastik_sec_dectiption=&#8221;PUEDE EXAMINAR TODO EL PROCESO DE TRABAJO DESDE NUESTRA PRIMERA REUNI\u00d3N HASTA EL FINAL DEL TRABAJO.&#8221;][vc_column width=&#8221;1\/2&#8243;]<div class=\"process-wrap fl-wrap\"><ul><li><div class=\"time-line-icon\">\n                  <i class=\"fab fa-slideshare\"><\/i>\n                  <\/div><h4>REUNI\u00d3N<\/h4><div class=\"process-details\">Nuestros datos de contacto, referencias, sistemas de toldos y sombrillas que se ven en los espacios le permiten ponerse en contacto con el equipo de Tual Tente y as\u00ed se inicia nuestro proceso de encuentro.   <\/div><span class=\"process-numder\">01.<\/span><\/li><\/ul><\/div><div class=\"process-wrap fl-wrap\"><ul><li><div class=\"time-line-icon\">\n                  <i class=\"fal fa-calendar-alt\"><\/i>\n                  <\/div><h4>CITA<\/h4><div class=\"process-details\">Nuestros apreciados clientes que se ponen en contacto con el equipo de Tual Tente cuentan sus demandas y los productos sobre los que quieren obtener informaci\u00f3n. Para poder atenderles lo antes posible, se registran los datos del cliente y se crea un d\u00eda de cita.   <\/div><span class=\"process-numder\">02.<\/span><\/li><\/ul><\/div><div class=\"process-wrap fl-wrap\"><ul><li><div class=\"time-line-icon\">\n                  <i class=\"fal fa-eye\"><\/i>\n                  <\/div><h4>EXPLORACI\u00d3N<\/h4><div class=\"process-details\">El equipo de Tual Tente se desplaza a su zona a la hora de la cita y realiza una exploraci\u00f3n gratuita. Se proporciona informaci\u00f3n sobre nuestros sistemas de toldos y parasoles, que se consideran adecuados a la solicitud de nuestro cliente y la situaci\u00f3n del lugar.   <\/div><span class=\"process-numder\">03.<\/span><\/li><\/ul><\/div>[\/vc_column][vc_column width=&#8221;1\/2&#8243;]<div class=\"process-wrap fl-wrap\"><ul><li><div class=\"time-line-icon\">\n                  <i class=\"fal fa-file-alt\"><\/i>\n                  <\/div><h4>PROYECTO\/OFERTA<\/h4><div class=\"process-details\">Se realiza la selecci\u00f3n m\u00e1s adecuada entre los productos Tual Tente informados a nuestro cliente y se inicia la fase de proyecto. El proyecto y la oferta que preparamos como equipo de Tual Tente se env\u00edan a nuestro cliente.   <\/div><span class=\"process-numder\">04.<\/span><\/li><\/ul><\/div><div class=\"process-wrap fl-wrap\"><ul><li><div class=\"time-line-icon\">\n                  <i class=\"fas fa-file-signature\"><\/i>\n                  <\/div><h4>CONVENIO<\/h4><div class=\"process-details\">En caso de un acuerdo con nuestro apreciado cliente, se prepara un contrato que protege a las partes. Tras el contrato realizado con nuestro apreciado cliente, se toma la medida de fabricaci\u00f3n y se fabrica el producto.   <\/div><span class=\"process-numder\">05.<\/span><\/li><\/ul><\/div><div class=\"process-wrap fl-wrap\"><ul><li><div class=\"time-line-icon\">\n                  <i class=\"fal fa-flag-checkered\"><\/i>\n                  <\/div><h4>FABRICACI\u00d3N\/MONTAJE<\/h4><div class=\"process-details\">Una vez finalizado el proceso de fabricaci\u00f3n, se concierta una cita con el cliente para pasar al montaje. Una vez finalizado el proceso de montaje, se explica el principio de funcionamiento y el m\u00e9todo de uso del producto Tual Tente a nuestros valiosos clientes mediante una presentaci\u00f3n. As\u00ed, se completa la entrega del producto y se inicia el proceso de garant\u00eda.   <\/div><span class=\"process-numder\">06.<\/span><\/li><\/ul><\/div>[\/vc_column][\/vc_row][vc_row scrollrow=&#8221;st2&#8243; scroll_id=&#8221;sec5&#8243; enable_bottom_box=&#8221;st2&#8243; enabletitle=&#8221;st2&#8243; nastik_sec_title=&#8221;REFERENCIAS&#8221; nastik_sec_number=&#8221;04&#8243; nastik_sec_dectiption=&#8221;LAS MARCAS QUE NOS ELIGEN&#8221; enableseparator=&#8221;st2&#8243;][vc_column][wr_vc_clients class=&#8221;mt-50&#8243;][wr_vc_client button_url=&#8221;#&#8221; image=&#8221;447&#8243;][wr_vc_client button_url=&#8221;#&#8221; image=&#8221;449&#8243;][wr_vc_client button_url=&#8221;#&#8221; image=&#8221;451&#8243;][wr_vc_client button_url=&#8221;#&#8221; image=&#8221;453&#8243;][wr_vc_client button_url=&#8221;#&#8221; image=&#8221;481&#8243;][wr_vc_client button_url=&#8221;#&#8221; image=&#8221;480&#8243;][wr_vc_client button_url=&#8221;#&#8221; image=&#8221;485&#8243;][wr_vc_client button_url=&#8221;#&#8221; image=&#8221;476&#8243;][wr_vc_client button_url=&#8221;#&#8221; image=&#8221;473&#8243;][wr_vc_client button_url=&#8221;#&#8221; image=&#8221;477&#8243;][\/wr_vc_clients][vc_btn title=&#8221;Todas las referencias&#8221; color=&#8221;orange&#8221; size=&#8221;lg&#8221; i_align=&#8221;right&#8221; i_icon_fontawesome=&#8221;fas fa-angle-double-right&#8221; add_icon=&#8221;true&#8221; link=&#8221;url:https%3A%2F%2Fwww.tual.com.tr%2Freferanslar%2F|title:Referanslar||&#8221; css=&#8221;.vc_custom_1683131816749{margin-top: 30px !important;}&#8221;][\/vc_column][\/vc_row]","protected":false},"excerpt":{"rendered":"<p>[vc_row scrollrow=&#8221;st2&#8243; scroll_id=&#8221;sec2&#8243; enabletitle=&#8221;st2&#8243; nastik_sec_title=&#8221;Productos&#8221; nastik_sec_number=&#8221;01&#8243; nastik_sec_dectiption=&#8221;La forma m\u00e1s elegante de protegerse del sol: la amplia selecci\u00f3n de opciones de p\u00e9rgolas y toldos de Tual Tente.&#8221;][vc_column][vc_row_inner][vc_column_inner width=&#8221;1\/3&#8243;][vc_single_image image=&#8221;530&#8243; img_size=&#8221;full&#8221; style=&#8221;vc_box_outline_circle&#8221; border_color=&#8221;orange&#8221; onclick=&#8221;custom_link&#8221; link=&#8221;https:\/\/www.tual.com.tr\/portfolio\/rolluproof\/&#8221;][vc_single_image image=&#8221;609&#8243; img_size=&#8221;full&#8221; style=&#8221;vc_box_outline&#8221; onclick=&#8221;custom_link&#8221; link=&#8221;https:\/\/www.tual.com.tr\/portfolio\/flextual\/&#8221;][vc_single_image image=&#8221;594&#8243; img_size=&#8221;full&#8221; style=&#8221;vc_box_outline_circle&#8221; border_color=&#8221;violet&#8221; onclick=&#8221;custom_link&#8221; link=&#8221;https:\/\/www.tual.com.tr\/portfolio\/boxtual\/&#8221;][vc_single_image image=&#8221;562&#8243; img_size=&#8221;full&#8221; style=&#8221;vc_box_outline&#8221; onclick=&#8221;custom_link&#8221; link=&#8221;https:\/\/www.tual.com.tr\/portfolio\/styletual\/&#8221;][vc_single_image image=&#8221;1243&#8243; img_size=&#8221;medium&#8221; style=&#8221;vc_box_outline_circle&#8221;][\/vc_column_inner][vc_column_inner width=&#8221;1\/3&#8243;][vc_single_image image=&#8221;633&#8243; img_size=&#8221;full&#8221;..<\/p>\n","protected":false},"author":1,"featured_media":0,"parent":0,"menu_order":0,"comment_status":"closed","ping_status":"closed","template":"one-page.php","meta":{"footnotes":""},"class_list":["post-47","page","type-page","status-publish","hentry"],"yoast_head":"<!-- This site is optimized with the Yoast SEO plugin v14.6.1 - https:\/\/yoast.com\/wordpress\/plugins\/seo\/ -->\n<title>(Turkish) Tual Tente | Tual Global | Tual Bioclimatic PergolasTual Tente | Tual Global | Tual Bioclimatic PergolasTual Tente | Tual Global | Tual Bioclimatic PergolasTual Tente | Tual Global | Tual Bioclimatic Pergolas<\/title>\n<meta name=\"description\" content=\"Ya\u015fam alanlar\u0131n\u0131zda; cafelerde, restoranlarda ve konutlar\u0131n\u0131z\u0131n bah\u00e7e, teras, veranda b\u00f6l\u00fcmlerinde memnuniyetinizi artt\u0131rmak bizim temel ilkemizdir.\" \/>\n<meta name=\"robots\" content=\"index, follow\" \/>\n<meta name=\"googlebot\" content=\"index, follow, max-snippet:-1, max-image-preview:large, max-video-preview:-1\" \/>\n<meta name=\"bingbot\" content=\"index, follow, max-snippet:-1, max-image-preview:large, max-video-preview:-1\" \/>\n<link rel=\"canonical\" href=\"https:\/\/www.tual.com.tr\/\" \/>\n<meta property=\"og:locale\" content=\"es_ES\" \/>\n<meta property=\"og:type\" content=\"article\" \/>\n<meta property=\"og:title\" content=\"[:tr]Tual Tente | Tual Global | Tual Bioclimatic PergolasTual Tente | Tual Global | Tual Bioclimatic PergolasTual Tente | Tual Global | Tual Bioclimatic PergolasTual Tente | Tual Global | Tual Bioclimatic Pergolas[:en]Tual Tente | Tual Global | Tual Bioclimatic PergolasTual Tente | Tual Global | Tual Bioclimatic Pergolas[:fr]Tual Tente | Tual Global | Tual Bioclimatic PergolasTual Tente | Tual Global | Tual Bioclimatic Pergolas[:]\" \/>\n<meta property=\"og:description\" content=\"Ya\u015fam alanlar\u0131n\u0131zda; cafelerde, restoranlarda ve konutlar\u0131n\u0131z\u0131n bah\u00e7e, teras, veranda b\u00f6l\u00fcmlerinde memnuniyetinizi artt\u0131rmak bizim temel ilkemizdir.\" \/>\n<meta property=\"og:url\" content=\"https:\/\/www.tual.com.tr\/\" \/>\n<meta property=\"og:site_name\" content=\"Tual Tente | Tual Global | Tual Bioclimatic Pergolas\" \/>\n<meta property=\"article:publisher\" content=\"https:\/\/www.facebook.com\/Tualtente?mibextid=LQQJ4d%2f\" \/>\n<meta property=\"article:modified_time\" content=\"2023-05-16T08:27:46+00:00\" \/>\n<meta name=\"twitter:card\" content=\"summary_large_image\" \/>\n<script type=\"application\/ld+json\" class=\"yoast-schema-graph\">{\"@context\":\"https:\/\/schema.org\",\"@graph\":[{\"@type\":\"Organization\",\"@id\":\"https:\/\/www.tual.com.tr\/es\/#organization\",\"name\":\"Tual Tente\",\"url\":\"https:\/\/www.tual.com.tr\/es\/\",\"sameAs\":[\"https:\/\/www.facebook.com\/Tualtente?mibextid=LQQJ4d\/\",\"https:\/\/www.instagram.com\/tualtente\/\",\"https:\/\/www.linkedin.com\/company\/tual-tente\/\",\"https:\/\/www.youtube.com\/@tualtente4494\"],\"logo\":{\"@type\":\"ImageObject\",\"@id\":\"https:\/\/www.tual.com.tr\/es\/#logo\",\"inLanguage\":\"es\",\"url\":\"https:\/\/www.tual.com.tr\/wp-content\/uploads\/2020\/02\/tual-logo-400x400-1.png\",\"width\":400,\"height\":400,\"caption\":\"Tual Tente\"},\"image\":{\"@id\":\"https:\/\/www.tual.com.tr\/es\/#logo\"}},{\"@type\":\"WebSite\",\"@id\":\"https:\/\/www.tual.com.tr\/es\/#website\",\"url\":\"https:\/\/www.tual.com.tr\/es\/\",\"name\":\"Tual Tente | Tual Global | Tual Bioclimatic Pergolas\",\"description\":\"\",\"publisher\":{\"@id\":\"https:\/\/www.tual.com.tr\/es\/#organization\"},\"potentialAction\":[{\"@type\":\"SearchAction\",\"target\":\"https:\/\/www.tual.com.tr\/es\/?s={search_term_string}\",\"query-input\":\"required name=search_term_string\"}],\"inLanguage\":\"es\"},{\"@type\":\"WebPage\",\"@id\":\"https:\/\/www.tual.com.tr\/#webpage\",\"url\":\"https:\/\/www.tual.com.tr\/\",\"name\":\"[:tr]Tual Tente | Tual Global | Tual Bioclimatic PergolasTual Tente | Tual Global | Tual Bioclimatic PergolasTual Tente | Tual Global | Tual Bioclimatic PergolasTual Tente | Tual Global | Tual Bioclimatic Pergolas[:en]Tual Tente | Tual Global | Tual Bioclimatic PergolasTual Tente | Tual Global | Tual Bioclimatic Pergolas[:fr]Tual Tente | Tual Global | Tual Bioclimatic PergolasTual Tente | Tual Global | Tual Bioclimatic Pergolas[:]\",\"isPartOf\":{\"@id\":\"https:\/\/www.tual.com.tr\/es\/#website\"},\"datePublished\":\"2019-10-20T15:47:26+00:00\",\"dateModified\":\"2023-05-16T08:27:46+00:00\",\"description\":\"Ya\\u015fam alanlar\\u0131n\\u0131zda; cafelerde, restoranlarda ve konutlar\\u0131n\\u0131z\\u0131n bah\\u00e7e, teras, veranda b\\u00f6l\\u00fcmlerinde memnuniyetinizi artt\\u0131rmak bizim temel ilkemizdir.\",\"inLanguage\":\"es\",\"potentialAction\":[{\"@type\":\"ReadAction\",\"target\":[\"https:\/\/www.tual.com.tr\/\"]}]}]}<\/script>\n<!-- \/ Yoast SEO plugin. -->","_links":{"self":[{"href":"https:\/\/www.tual.com.tr\/es\/wp-json\/wp\/v2\/pages\/47","targetHints":{"allow":["GET"]}}],"collection":[{"href":"https:\/\/www.tual.com.tr\/es\/wp-json\/wp\/v2\/pages"}],"about":[{"href":"https:\/\/www.tual.com.tr\/es\/wp-json\/wp\/v2\/types\/page"}],"author":[{"embeddable":true,"href":"https:\/\/www.tual.com.tr\/es\/wp-json\/wp\/v2\/users\/1"}],"replies":[{"embeddable":true,"href":"https:\/\/www.tual.com.tr\/es\/wp-json\/wp\/v2\/comments?post=47"}],"version-history":[{"count":201,"href":"https:\/\/www.tual.com.tr\/es\/wp-json\/wp\/v2\/pages\/47\/revisions"}],"predecessor-version":[{"id":18718,"href":"https:\/\/www.tual.com.tr\/es\/wp-json\/wp\/v2\/pages\/47\/revisions\/18718"}],"wp:attachment":[{"href":"https:\/\/www.tual.com.tr\/es\/wp-json\/wp\/v2\/media?parent=47"}],"curies":[{"name":"wp","href":"https:\/\/api.w.org\/{rel}","templated":true}]}}