{"id":414,"date":"2020-02-08T17:21:03","date_gmt":"2020-02-08T14:21:03","guid":{"rendered":"https:\/\/tual.com.tr\/?page_id=414"},"modified":"2023-05-04T16:07:38","modified_gmt":"2023-05-04T13:07:38","slug":"hakkimizda","status":"publish","type":"page","link":"https:\/\/www.tual.com.tr\/fr\/hakkimizda\/","title":{"rendered":"\u00c0 PROPOS DE NOUS"},"content":{"rendered":"[vc_row][vc_column][vc_custom_heading text=&#8221;QUI SOMMES NOUS?&#8221; font_container=&#8221;tag:h2|font_size:26|text_align:left&#8221; use_theme_fonts=&#8221;yes&#8221;][vc_column_text el_class=&#8221;display-5&#8243;]Tual Tente est une entreprise qui op\u00e8re dans le secteur des syst\u00e8mes de protection solaire en Turquie depuis plus de 13 ans et qui est ax\u00e9e sur la satisfaction de la client\u00e8le. Nos produits de haute qualit\u00e9 et notre excellent service nous permettent d&#8217;offrir les meilleures solutions pour r\u00e9pondre aux besoins de nos clients. En suivant de pr\u00e8s les d\u00e9veloppements actuels du secteur, nous renouvelons nos produits et \u00e9largissons notre gamme de produits.[\/vc_column_text][vc_column_text el_class=&#8221;display-5&#8243;]Comme la demande pour nos produits et services a augment\u00e9, nous avons d\u00e9cid\u00e9 d&#8217;\u00e9largir notre r\u00e9seau de revendeurs et avons lanc\u00e9 la marque Tual Global. Nous sommes en train de devenir une marque internationale qui donne des concessions en \u00e9largissant notre usine et notre \u00e9quipe.[\/vc_column_text][vc_column_text el_class=&#8221;display-5&#8243;]Nous vous offrons les meilleurs produits de qualit\u00e9, un excellent service et toutes les informations n\u00e9cessaires pour mener \u00e0 bien vos projets de la meilleure fa\u00e7on possible. En tant que Tual Tente, nous concevons et fabriquons les produits leaders de l&#8217;industrie en utilisant les derni\u00e8res technologies. Nous nous effor\u00e7ons toujours de fournir les produits et services de la plus haute qualit\u00e9 \u00e0 nos clients qui nous choisissent.[\/vc_column_text][\/vc_column][\/vc_row][vc_row][vc_column][vc_hoverbox image=&#8221;18612&#8243; primary_title=&#8221;&#8221; hover_title=&#8221;&#8221;]\n<h2 class=\"vc_custom_heading\" style=\"text-align: center;\"><\/h2>\n<div class=\"wpb_text_column wpb_content_element display-5\">\n<div class=\"wpb_wrapper\">\n<p style=\"text-align: center;\">Mission<\/p>\n<p style=\"text-align: center;\">Notre objectif en tant que Tual Tente est de vous fournir, nos pr\u00e9cieux clients, les produits et services de la plus haute qualit\u00e9 pour vous aider \u00e0 vivre des moments confortables et agr\u00e9ables dans vos espaces de vie. Avec des designs innovants, fiables et sup\u00e9rieurs, nous nous effor\u00e7ons de rendre votre vie plus facile et d&#8217;am\u00e9liorer votre qualit\u00e9 de vie. En gardant la satisfaction du client au premier plan, nous nous am\u00e9liorons en continu et restons \u00e0 jour avec les derni\u00e8res innovations pour vous offrir un meilleur service.<\/p>\n<\/div>\n<\/div>\n[\/vc_hoverbox][\/vc_column][\/vc_row][vc_row][vc_column][vc_hoverbox image=&#8221;18615&#8243; primary_title=&#8221;&#8221; hover_title=&#8221;&#8221;]\n<h2 class=\"vc_custom_heading\" style=\"text-align: center;\"><\/h2>\n<div class=\"wpb_text_column wpb_content_element display-5\">\n<div class=\"wpb_wrapper\">\n<p style=\"text-align: center;\">Vision<\/p>\n<p style=\"text-align: center;\">Notre vision chez Tual Tente vise toujours des objectifs plus \u00e9lev\u00e9s. Nous visons \u00e0 laisser une touche et une signature sp\u00e9ciales sur vos espaces avec des designs uniques et de haute qualit\u00e9 soigneusement con\u00e7us. En maintenant la satisfaction de la client\u00e8le, en augmentant les normes de qualit\u00e9 de nos produits et en offrant des solutions innovantes, nous visons \u00e0 transformer notre valeur de marque croissante en une marque reconnue non seulement en Turquie mais aussi dans le monde entier. Nous travaillons pour grandir ensemble avec nos clients et devenir une marque leader \u00e0 l&#8217;\u00e9chelle internationale.<\/p>\n<\/div>\n<\/div>\n[\/vc_hoverbox][\/vc_column][\/vc_row]","protected":false},"excerpt":{"rendered":"<p>[vc_row][vc_column][vc_custom_heading text=&#8221;QUI SOMMES NOUS?&#8221; font_container=&#8221;tag:h2|font_size:26|text_align:left&#8221; use_theme_fonts=&#8221;yes&#8221;][vc_column_text el_class=&#8221;display-5&#8243;]Tual Tente est une entreprise qui op\u00e8re dans le secteur des syst\u00e8mes de protection solaire en Turquie depuis plus de 13 ans et qui est ax\u00e9e sur la satisfaction de la client\u00e8le. Nos produits de haute qualit\u00e9 et notre excellent service nous permettent d&#8217;offrir les meilleures solutions pour r\u00e9pondre..<\/p>\n","protected":false},"author":1,"featured_media":18598,"parent":0,"menu_order":0,"comment_status":"closed","ping_status":"closed","template":"","meta":{"footnotes":""},"class_list":["post-414","page","type-page","status-publish","has-post-thumbnail","hentry"],"yoast_head":"<!-- This site is optimized with the Yoast SEO plugin v14.6.1 - https:\/\/yoast.com\/wordpress\/plugins\/seo\/ -->\n<title>\u00c0 PROPOS DE NOUS - Tual Tente | Tual Global | Tual Bioclimatic Pergolas<\/title>\n<meta name=\"description\" content=\"Tual Tente, T\u00fcrkiye&#039;deki g\u00fcne\u015flik sistemleri sekt\u00f6r\u00fcnde 13 y\u0131l\u0131 a\u015fk\u0131n bir s\u00fcredir hizmet veren ve m\u00fc\u015fteri memnuniyeti odakl\u0131 \u00e7al\u0131\u015fan bir firmad\u0131r.Y\u00fcksek\" \/>\n<meta name=\"robots\" content=\"index, follow\" \/>\n<meta name=\"googlebot\" content=\"index, follow, max-snippet:-1, max-image-preview:large, max-video-preview:-1\" \/>\n<meta name=\"bingbot\" content=\"index, follow, max-snippet:-1, max-image-preview:large, max-video-preview:-1\" \/>\n<link rel=\"canonical\" href=\"https:\/\/www.tual.com.tr\/hakkimizda\/\" \/>\n<meta property=\"og:locale\" content=\"fr_FR\" \/>\n<meta property=\"og:type\" content=\"article\" \/>\n<meta property=\"og:title\" content=\"\u00c0 PROPOS DE NOUS - Tual Tente | Tual Global | Tual Bioclimatic Pergolas\" \/>\n<meta property=\"og:description\" content=\"Tual Tente, T\u00fcrkiye&#039;deki g\u00fcne\u015flik sistemleri sekt\u00f6r\u00fcnde 13 y\u0131l\u0131 a\u015fk\u0131n bir s\u00fcredir hizmet veren ve m\u00fc\u015fteri memnuniyeti odakl\u0131 \u00e7al\u0131\u015fan bir firmad\u0131r.Y\u00fcksek\" \/>\n<meta property=\"og:url\" content=\"https:\/\/www.tual.com.tr\/hakkimizda\/\" \/>\n<meta property=\"og:site_name\" content=\"Tual Tente | Tual Global | Tual Bioclimatic Pergolas\" \/>\n<meta property=\"article:publisher\" content=\"https:\/\/www.facebook.com\/Tualtente?mibextid=LQQJ4d%2f\" \/>\n<meta property=\"article:modified_time\" content=\"2023-05-04T13:07:38+00:00\" \/>\n<meta property=\"og:image\" content=\"https:\/\/www.tual.com.tr\/wp-content\/uploads\/2023\/05\/hakk\u0131m\u0131zad.png\" \/>\n\t<meta property=\"og:image:width\" content=\"1200\" \/>\n\t<meta property=\"og:image:height\" content=\"800\" \/>\n<meta name=\"twitter:card\" content=\"summary_large_image\" \/>\n<script type=\"application\/ld+json\" class=\"yoast-schema-graph\">{\"@context\":\"https:\/\/schema.org\",\"@graph\":[{\"@type\":\"Organization\",\"@id\":\"https:\/\/www.tual.com.tr\/fr\/#organization\",\"name\":\"Tual Tente\",\"url\":\"https:\/\/www.tual.com.tr\/fr\/\",\"sameAs\":[\"https:\/\/www.facebook.com\/Tualtente?mibextid=LQQJ4d\/\",\"https:\/\/www.instagram.com\/tualtente\/\",\"https:\/\/www.linkedin.com\/company\/tual-tente\/\",\"https:\/\/www.youtube.com\/@tualtente4494\"],\"logo\":{\"@type\":\"ImageObject\",\"@id\":\"https:\/\/www.tual.com.tr\/fr\/#logo\",\"inLanguage\":\"fr-FR\",\"url\":\"https:\/\/www.tual.com.tr\/wp-content\/uploads\/2020\/02\/tual-logo-400x400-1.png\",\"width\":400,\"height\":400,\"caption\":\"Tual Tente\"},\"image\":{\"@id\":\"https:\/\/www.tual.com.tr\/fr\/#logo\"}},{\"@type\":\"WebSite\",\"@id\":\"https:\/\/www.tual.com.tr\/fr\/#website\",\"url\":\"https:\/\/www.tual.com.tr\/fr\/\",\"name\":\"Tual Tente | Tual Global | Tual Bioclimatic Pergolas\",\"description\":\"\",\"publisher\":{\"@id\":\"https:\/\/www.tual.com.tr\/fr\/#organization\"},\"potentialAction\":[{\"@type\":\"SearchAction\",\"target\":\"https:\/\/www.tual.com.tr\/fr\/?s={search_term_string}\",\"query-input\":\"required name=search_term_string\"}],\"inLanguage\":\"fr-FR\"},{\"@type\":\"ImageObject\",\"@id\":\"https:\/\/www.tual.com.tr\/hakkimizda\/#primaryimage\",\"inLanguage\":\"fr-FR\",\"url\":\"https:\/\/www.tual.com.tr\/wp-content\/uploads\/2023\/05\/hakk\\u0131m\\u0131zad.png\",\"width\":1200,\"height\":800},{\"@type\":\"WebPage\",\"@id\":\"https:\/\/www.tual.com.tr\/hakkimizda\/#webpage\",\"url\":\"https:\/\/www.tual.com.tr\/hakkimizda\/\",\"name\":\"\\u00c0 PROPOS DE NOUS - Tual Tente | Tual Global | Tual Bioclimatic Pergolas\",\"isPartOf\":{\"@id\":\"https:\/\/www.tual.com.tr\/fr\/#website\"},\"primaryImageOfPage\":{\"@id\":\"https:\/\/www.tual.com.tr\/hakkimizda\/#primaryimage\"},\"datePublished\":\"2020-02-08T14:21:03+00:00\",\"dateModified\":\"2023-05-04T13:07:38+00:00\",\"description\":\"Tual Tente, T\\u00fcrkiye'deki g\\u00fcne\\u015flik sistemleri sekt\\u00f6r\\u00fcnde 13 y\\u0131l\\u0131 a\\u015fk\\u0131n bir s\\u00fcredir hizmet veren ve m\\u00fc\\u015fteri memnuniyeti odakl\\u0131 \\u00e7al\\u0131\\u015fan bir firmad\\u0131r.Y\\u00fcksek\",\"inLanguage\":\"fr-FR\",\"potentialAction\":[{\"@type\":\"ReadAction\",\"target\":[\"https:\/\/www.tual.com.tr\/hakkimizda\/\"]}]}]}<\/script>\n<!-- \/ Yoast SEO plugin. -->","_links":{"self":[{"href":"https:\/\/www.tual.com.tr\/fr\/wp-json\/wp\/v2\/pages\/414","targetHints":{"allow":["GET"]}}],"collection":[{"href":"https:\/\/www.tual.com.tr\/fr\/wp-json\/wp\/v2\/pages"}],"about":[{"href":"https:\/\/www.tual.com.tr\/fr\/wp-json\/wp\/v2\/types\/page"}],"author":[{"embeddable":true,"href":"https:\/\/www.tual.com.tr\/fr\/wp-json\/wp\/v2\/users\/1"}],"replies":[{"embeddable":true,"href":"https:\/\/www.tual.com.tr\/fr\/wp-json\/wp\/v2\/comments?post=414"}],"version-history":[{"count":50,"href":"https:\/\/www.tual.com.tr\/fr\/wp-json\/wp\/v2\/pages\/414\/revisions"}],"predecessor-version":[{"id":18601,"href":"https:\/\/www.tual.com.tr\/fr\/wp-json\/wp\/v2\/pages\/414\/revisions\/18601"}],"wp:featuredmedia":[{"embeddable":true,"href":"https:\/\/www.tual.com.tr\/fr\/wp-json\/wp\/v2\/media\/18598"}],"wp:attachment":[{"href":"https:\/\/www.tual.com.tr\/fr\/wp-json\/wp\/v2\/media?parent=414"}],"curies":[{"name":"wp","href":"https:\/\/api.w.org\/{rel}","templated":true}]}}