{"id":47,"date":"2019-10-20T18:47:26","date_gmt":"2019-10-20T15:47:26","guid":{"rendered":"http:\/\/nastik.webredox.net\/index.php\/parallax-image-copy\/"},"modified":"2023-05-16T11:27:46","modified_gmt":"2023-05-16T08:27:46","slug":"slider","status":"publish","type":"page","link":"https:\/\/www.tual.com.tr\/fr\/","title":{"rendered":"Page D&#8217;accueil"},"content":{"rendered":"[vc_row scrollrow=&#8221;st2&#8243; scroll_id=&#8221;sec2&#8243; enabletitle=&#8221;st2&#8243; nastik_sec_title=&#8221;Produits&#8221; nastik_sec_number=&#8221;01&#8243; nastik_sec_dectiption=&#8221;La mani\u00e8re la plus \u00e9l\u00e9gante de se prot\u00e9ger du soleil : la riche s\u00e9lection de pergolas et d&#8217;options de parasols de Tual Tente&#8221;][vc_column][vc_row_inner][vc_column_inner width=&#8221;1\/3&#8243;][vc_single_image image=&#8221;530&#8243; img_size=&#8221;full&#8221; style=&#8221;vc_box_outline_circle&#8221; border_color=&#8221;orange&#8221; onclick=&#8221;custom_link&#8221; link=&#8221;https:\/\/www.tual.com.tr\/portfolio\/rolluproof\/&#8221;][vc_single_image image=&#8221;609&#8243; img_size=&#8221;full&#8221; style=&#8221;vc_box_outline&#8221; onclick=&#8221;custom_link&#8221; link=&#8221;https:\/\/www.tual.com.tr\/portfolio\/flextual\/&#8221;][vc_single_image image=&#8221;594&#8243; img_size=&#8221;full&#8221; style=&#8221;vc_box_outline_circle&#8221; border_color=&#8221;violet&#8221; onclick=&#8221;custom_link&#8221; link=&#8221;https:\/\/www.tual.com.tr\/portfolio\/boxtual\/&#8221;][vc_single_image image=&#8221;562&#8243; img_size=&#8221;full&#8221; style=&#8221;vc_box_outline&#8221; onclick=&#8221;custom_link&#8221; link=&#8221;https:\/\/www.tual.com.tr\/portfolio\/styletual\/&#8221;][vc_single_image image=&#8221;1243&#8243; img_size=&#8221;medium&#8221; style=&#8221;vc_box_outline_circle&#8221;][\/vc_column_inner][vc_column_inner width=&#8221;1\/3&#8243;][vc_single_image image=&#8221;633&#8243; img_size=&#8221;full&#8221; style=&#8221;vc_box_outline_circle&#8221; border_color=&#8221;orange&#8221; onclick=&#8221;custom_link&#8221; link=&#8221;https:\/\/www.tual.com.tr\/portfolio\/pergotual\/&#8221;][vc_single_image image=&#8221;718&#8243; img_size=&#8221;full&#8221; style=&#8221;vc_box_outline&#8221; onclick=&#8221;custom_link&#8221; link=&#8221;https:\/\/www.tual.com.tr\/portfolio\/tenttual\/&#8221;][vc_single_image image=&#8221;721&#8243; img_size=&#8221;full&#8221; style=&#8221;vc_box_outline_circle&#8221; border_color=&#8221;violet&#8221; onclick=&#8221;custom_link&#8221; link=&#8221;https:\/\/www.tual.com.tr\/portfolio\/ziptual\/&#8221;][vc_single_image image=&#8221;1242&#8243; img_size=&#8221;full&#8221; style=&#8221;vc_box_outline&#8221; border_color=&#8221;violet&#8221; onclick=&#8221;custom_link&#8221; link=&#8221;https:\/\/www.tual.com.tr\/portfolio\/ziptual\/&#8221;][\/vc_column_inner][vc_column_inner width=&#8221;1\/3&#8243;][vc_single_image image=&#8221;1202&#8243; img_size=&#8221;full&#8221; style=&#8221;vc_box_outline_circle&#8221; border_color=&#8221;orange&#8221; onclick=&#8221;custom_link&#8221; link=&#8221;https:\/\/www.tual.com.tr\/portfolio\/pivotroof\/&#8221;][vc_single_image image=&#8221;620&#8243; img_size=&#8221;full&#8221; style=&#8221;vc_box_outline&#8221; onclick=&#8221;custom_link&#8221; link=&#8221;https:\/\/www.tual.com.tr\/portfolio\/linetual\/&#8221;][vc_single_image image=&#8221;598&#8243; img_size=&#8221;full&#8221; style=&#8221;vc_box_outline_circle&#8221; border_color=&#8221;violet&#8221; onclick=&#8221;custom_link&#8221; link=&#8221;https:\/\/www.tual.com.tr\/portfolio\/droptual\/&#8221;][vc_single_image image=&#8221;1239&#8243; img_size=&#8221;medium&#8221; style=&#8221;vc_box_outline&#8221;][\/vc_column_inner][\/vc_row_inner][vc_row_inner][vc_column_inner]<div class=\"srv-link-text fl-wrap\"><h4>Pour une analyse d\u00e9taill\u00e9e, jetez un coup d'\u0153il \u00e0 nos pages de produits.<\/h4><a href=\"https:\/\/www.tual.com.tr\/en\/urunler\/\" class=\"btn float-btn ajax  color-bg\" target=\"_self\">Produits<\/a><\/div>[\/vc_column_inner][\/vc_row_inner][\/vc_column][\/vc_row][vc_row row_type=&#8221;sec2&#8243; enable_corner_effect=&#8221;st2&#8243;][vc_column][vc_row_inner][vc_column_inner width=&#8221;1\/2&#8243;]<div class=\"video-box dec-img fl-wrap\"><img decoding=\"async\" src=\"https:\/\/www.tual.com.tr\/wp-content\/uploads\/2023\/05\/pivot-rooof.png\" class=\"respimg\" alt=\"pivot rooof__youtube_video_2023\"><a class=\"video-box-btn image-popup\" href=\"https:\/\/www.youtube.com\/watch?v=2jJgEFjkOsM\"><i class=\"fas fa-play\" aria-hidden=\"true\"><\/i><\/a><\/div>[\/vc_column_inner][vc_column_inner width=&#8221;1\/2&#8243;][vc_column_text]<strong>PIVOTroof<\/strong><\/p>\n<div class=\"video-promo-text fl-wrap mar-top\">\n<p>Obtenez une meilleure id\u00e9e de nos produits en regardant leurs pr\u00e9sentations vid\u00e9o. Veuillez visiter notre cha\u00eene YouTube pour les pr\u00e9sentations vid\u00e9o de tous nos produits.<\/p>\n<p><a class=\"btn fl-btn color-bg\" href=\"https:\/\/www.youtube.com\/channel\/UC9a3jn_biw3Xs21UFvS63sw\">Autres vid\u00e9os<\/a><\/p>\n<\/div>\n[\/vc_column_text][\/vc_column_inner][\/vc_row_inner][\/vc_column][\/vc_row][vc_row scrollrow=&#8221;st2&#8243; scroll_id=&#8221;sec3&#8243; enable_top_box=&#8221;st2&#8243; enabletitle=&#8221;st2&#8243; nastik_sec_title=&#8221;\u00c0 propos de nous&#8221; nastik_sec_number=&#8221;02&#8243; nastik_sec_dectiption=&#8221;Notre mission est d&#8217;am\u00e9liorer vos espaces de vie avec nos services de qualit\u00e9 dans les zones de jardin, terrasse et v\u00e9randa des caf\u00e9s, restaurants et r\u00e9sidences, en vous offrant confort et plaisir.&#8221; enableseparator=&#8221;st2&#8243; secpadding=&#8221;&#8221; theside_sec_title=&#8221;About me&#8221; theside_sec_number=&#8221;01&#8243; theside_sec_dectiption=&#8221;LOREM IPSUM DOLOR SIT AMET, CONSECTETUR ADIPISCING ELIT. MAECENAS IN PULVINAR NEQUE. NULLA FINIBUS LOBORTIS PULVINAR.&#8221;][vc_column width=&#8221;2\/5&#8243;]<div class=\"dec-img  fl-wrap\"><img decoding=\"async\" src=\"https:\/\/www.tual.com.tr\/wp-content\/uploads\/2023\/05\/Building-Amazig-Career-Connections.png\" class=\"respimg\" alt=\"Building Amazig Career Connections\"><\/div>[\/vc_column][vc_column width=&#8221;3\/5&#8243;][wr_vc_textblock small_title=&#8221;Tual Tente | Tual Global&#8221; big_title=&#8221;QUI SOMMES NOUS?&#8221;]Tual Tente est une entreprise op\u00e9rant dans le domaine des syst\u00e8mes de protection solaire automatique depuis plus de 13 ans et compte de nombreux clients satisfaits en Turquie. En raison de l&#8217;int\u00e9r\u00eat intense pour nos produits, nous avons cherch\u00e9 \u00e0 d\u00e9velopper notre r\u00e9seau de revendeurs et avons lanc\u00e9 la marque Tual Global. \u00c0 cette fin, nous avons agrandi notre usine et notre \u00e9quipe. Tual Global est la marque internationale de la soci\u00e9t\u00e9 Tual Tente qui donne la concession. Nous vous fournissons toujours les meilleurs produits, un excellent service et toutes les informations n\u00e9cessaires pour mener \u00e0 bien vos projets.[\/wr_vc_textblock][\/vc_column][\/vc_row][vc_row row_type=&#8221;sec2&#8243;][vc_column][wr_vc_counters class=&#8221;optional_counter&#8221;][wr_vc_counter datatitle=&#8221;PROJETS ACHEV\u00c9S&#8221; datanumber=&#8221;2359&#8243;][wr_vc_counter datatitle=&#8221;CLIENT HEUREUX&#8221; datanumber=&#8221;2309&#8243;][wr_vc_counter datatitle=&#8221;HEURES D&#8217;OUVERTURE&#8221; datanumber=&#8221;24350&#8243;][wr_vc_counter datatitle=&#8221;PROJET EN COURS&#8221; datanumber=&#8221;16&#8243;][\/wr_vc_counters][\/vc_column][\/vc_row][vc_row scrollrow=&#8221;st2&#8243; scroll_id=&#8221;sec4&#8243; enabletitle=&#8221;st2&#8243; nastik_sec_title=&#8221;PROCESSUS&#8221; nastik_sec_number=&#8221;03&#8243; nastik_sec_dectiption=&#8221;VOUS POUVEZ EXAMINER TOUT LE PROCESSUS DE TRAVAIL DE NOTRE PREMI\u00c8RE RENCONTRE \u00c0 LA FIN DU TRAVAIL.&#8221;][vc_column width=&#8221;1\/2&#8243;]<div class=\"process-wrap fl-wrap\"><ul><li><div class=\"time-line-icon\">\n                  <i class=\"fab fa-slideshare\"><\/i>\n                  <\/div><h4>RENCONTRE<\/h4><div class=\"process-details\">Nos coordonn\u00e9es, r\u00e9f\u00e9rences, syst\u00e8mes d&#8217;auvents et de parasols que vous voyez dans les espaces vous permettent de joindre l&#8217;\u00e9quipe de Tual Tente et ainsi notre processus de rencontre est lanc\u00e9.   <\/div><span class=\"process-numder\">01.<\/span><\/li><\/ul><\/div><div class=\"process-wrap fl-wrap\"><ul><li><div class=\"time-line-icon\">\n                  <i class=\"fal fa-calendar-alt\"><\/i>\n                  <\/div><h4>RENDEZ-VOUS<\/h4><div class=\"process-details\">Nos pr\u00e9cieux clients qui contactent l&#8217;\u00e9quipe de Tual Tente font part de leurs demandes et des produits sur lesquels ils souhaitent obtenir des informations. Afin de r\u00e9pondre dans les meilleurs d\u00e9lais, les informations clients sont enregistr\u00e9es et un jour de rendez-vous est fix\u00e9.   <\/div><span class=\"process-numder\">02.<\/span><\/li><\/ul><\/div><div class=\"process-wrap fl-wrap\"><ul><li><div class=\"time-line-icon\">\n                  <i class=\"fal fa-eye\"><\/i>\n                  <\/div><h4>EXPLORATION<\/h4><div class=\"process-details\">L&#8217;\u00e9quipe de Tual Tente se rend dans votre r\u00e9gion \u00e0 l&#8217;heure du rendez-vous et fait une exploration gratuite. Des informations sur nos syst\u00e8mes d&#8217;auvents et de parasols, jug\u00e9s appropri\u00e9s \u00e0 la demande de notre client et \u00e0 la situation du lieu, sont fournies.   <\/div><span class=\"process-numder\">03.<\/span><\/li><\/ul><\/div>[\/vc_column][vc_column width=&#8221;1\/2&#8243;]<div class=\"process-wrap fl-wrap\"><ul><li><div class=\"time-line-icon\">\n                  <i class=\"fal fa-file-alt\"><\/i>\n                  <\/div><h4>PROJET\/OFFRE<\/h4><div class=\"process-details\">La s\u00e9lection la plus appropri\u00e9e est faite parmi les produits Tual Tente communiqu\u00e9s \u00e0 notre client et la phase de projet est lanc\u00e9e. Le projet et l&#8217;offre que nous avons pr\u00e9par\u00e9s en tant qu&#8217;\u00e9quipe de Tual Tente sont envoy\u00e9s \u00e0 notre client.   <\/div><span class=\"process-numder\">04.<\/span><\/li><\/ul><\/div><div class=\"process-wrap fl-wrap\"><ul><li><div class=\"time-line-icon\">\n                  <i class=\"fas fa-file-signature\"><\/i>\n                  <\/div><h4>ACCORD<\/h4><div class=\"process-details\">En cas d&#8217;accord avec notre pr\u00e9cieux client, un contrat qui prot\u00e8ge les parties est pr\u00e9par\u00e9. Apr\u00e8s le contrat conclu avec notre pr\u00e9cieux client, la mesure de fabrication est prise et le produit est fabriqu\u00e9.   <\/div><span class=\"process-numder\">05.<\/span><\/li><\/ul><\/div><div class=\"process-wrap fl-wrap\"><ul><li><div class=\"time-line-icon\">\n                  <i class=\"fal fa-flag-checkered\"><\/i>\n                  <\/div><h4>FABRICATION\/ASSEMBLAGE<\/h4><div class=\"process-details\">A la fin du processus de fabrication, un rendez-vous est pris aupr\u00e8s du client pour se rendre au montage. Une fois le processus d&#8217;assemblage termin\u00e9, le principe de fonctionnement et la m\u00e9thode d&#8217;utilisation du produit Tual Tente sont expliqu\u00e9s \u00e0 nos pr\u00e9cieux clients en faisant une pr\u00e9sentation. Ainsi, la livraison du produit est termin\u00e9e et le processus de garantie commence.   <\/div><span class=\"process-numder\">06.<\/span><\/li><\/ul><\/div>[\/vc_column][\/vc_row][vc_row scrollrow=&#8221;st2&#8243; scroll_id=&#8221;sec5&#8243; enable_bottom_box=&#8221;st2&#8243; enabletitle=&#8221;st2&#8243; nastik_sec_title=&#8221;R\u00c9F\u00c9RENCES&#8221; nastik_sec_number=&#8221;04&#8243; nastik_sec_dectiption=&#8221;LES MARQUES QUI NOUS CHOISISSENT&#8221; enableseparator=&#8221;st2&#8243;][vc_column][wr_vc_clients class=&#8221;mt-50&#8243;][wr_vc_client button_url=&#8221;#&#8221; image=&#8221;447&#8243;][wr_vc_client button_url=&#8221;#&#8221; image=&#8221;449&#8243;][wr_vc_client button_url=&#8221;#&#8221; image=&#8221;451&#8243;][wr_vc_client button_url=&#8221;#&#8221; image=&#8221;453&#8243;][wr_vc_client button_url=&#8221;#&#8221; image=&#8221;481&#8243;][wr_vc_client button_url=&#8221;#&#8221; image=&#8221;480&#8243;][wr_vc_client button_url=&#8221;#&#8221; image=&#8221;485&#8243;][wr_vc_client button_url=&#8221;#&#8221; image=&#8221;476&#8243;][wr_vc_client button_url=&#8221;#&#8221; image=&#8221;473&#8243;][wr_vc_client button_url=&#8221;#&#8221; image=&#8221;477&#8243;][\/wr_vc_clients][vc_btn title=&#8221;Toutes les r\u00e9f\u00e9rences&#8221; color=&#8221;orange&#8221; size=&#8221;lg&#8221; i_align=&#8221;right&#8221; i_icon_fontawesome=&#8221;fas fa-angle-double-right&#8221; add_icon=&#8221;true&#8221; link=&#8221;url:https%3A%2F%2Fwww.tual.com.tr%2Freferanslar%2F|title:Referanslar||&#8221; css=&#8221;.vc_custom_1683131708184{margin-top: 30px !important;}&#8221;][\/vc_column][\/vc_row]","protected":false},"excerpt":{"rendered":"<p>[vc_row scrollrow=&#8221;st2&#8243; scroll_id=&#8221;sec2&#8243; enabletitle=&#8221;st2&#8243; nastik_sec_title=&#8221;Produits&#8221; nastik_sec_number=&#8221;01&#8243; nastik_sec_dectiption=&#8221;La mani\u00e8re la plus \u00e9l\u00e9gante de se prot\u00e9ger du soleil : la riche s\u00e9lection de pergolas et d&#8217;options de parasols de Tual Tente&#8221;][vc_column][vc_row_inner][vc_column_inner width=&#8221;1\/3&#8243;][vc_single_image image=&#8221;530&#8243; img_size=&#8221;full&#8221; style=&#8221;vc_box_outline_circle&#8221; border_color=&#8221;orange&#8221; onclick=&#8221;custom_link&#8221; link=&#8221;https:\/\/www.tual.com.tr\/portfolio\/rolluproof\/&#8221;][vc_single_image image=&#8221;609&#8243; img_size=&#8221;full&#8221; style=&#8221;vc_box_outline&#8221; onclick=&#8221;custom_link&#8221; link=&#8221;https:\/\/www.tual.com.tr\/portfolio\/flextual\/&#8221;][vc_single_image image=&#8221;594&#8243; img_size=&#8221;full&#8221; style=&#8221;vc_box_outline_circle&#8221; border_color=&#8221;violet&#8221; onclick=&#8221;custom_link&#8221; link=&#8221;https:\/\/www.tual.com.tr\/portfolio\/boxtual\/&#8221;][vc_single_image image=&#8221;562&#8243; img_size=&#8221;full&#8221; style=&#8221;vc_box_outline&#8221; onclick=&#8221;custom_link&#8221; link=&#8221;https:\/\/www.tual.com.tr\/portfolio\/styletual\/&#8221;][vc_single_image image=&#8221;1243&#8243; img_size=&#8221;medium&#8221; style=&#8221;vc_box_outline_circle&#8221;][\/vc_column_inner][vc_column_inner..<\/p>\n","protected":false},"author":1,"featured_media":0,"parent":0,"menu_order":0,"comment_status":"closed","ping_status":"closed","template":"one-page.php","meta":{"footnotes":""},"class_list":["post-47","page","type-page","status-publish","hentry"],"yoast_head":"<!-- This site is optimized with the Yoast SEO plugin v14.6.1 - https:\/\/yoast.com\/wordpress\/plugins\/seo\/ -->\n<title>Tual Tente | Tual Global | Tual Bioclimatic PergolasTual Tente | Tual Global | Tual Bioclimatic Pergolas<\/title>\n<meta name=\"description\" content=\"Ya\u015fam alanlar\u0131n\u0131zda; cafelerde, restoranlarda ve konutlar\u0131n\u0131z\u0131n bah\u00e7e, teras, veranda b\u00f6l\u00fcmlerinde memnuniyetinizi artt\u0131rmak bizim temel ilkemizdir.\" \/>\n<meta name=\"robots\" content=\"index, follow\" \/>\n<meta name=\"googlebot\" content=\"index, follow, max-snippet:-1, max-image-preview:large, max-video-preview:-1\" \/>\n<meta name=\"bingbot\" content=\"index, follow, max-snippet:-1, max-image-preview:large, max-video-preview:-1\" \/>\n<link rel=\"canonical\" href=\"https:\/\/www.tual.com.tr\/\" \/>\n<meta property=\"og:locale\" content=\"fr_FR\" \/>\n<meta property=\"og:type\" content=\"article\" \/>\n<meta property=\"og:title\" content=\"[:tr]Tual Tente | Tual Global | Tual Bioclimatic PergolasTual Tente | Tual Global | Tual Bioclimatic PergolasTual Tente | Tual Global | Tual Bioclimatic PergolasTual Tente | Tual Global | Tual Bioclimatic Pergolas[:en]Tual Tente | Tual Global | Tual Bioclimatic PergolasTual Tente | Tual Global | Tual Bioclimatic Pergolas[:fr]Tual Tente | Tual Global | Tual Bioclimatic PergolasTual Tente | Tual Global | Tual Bioclimatic Pergolas[:]\" \/>\n<meta property=\"og:description\" content=\"Ya\u015fam alanlar\u0131n\u0131zda; cafelerde, restoranlarda ve konutlar\u0131n\u0131z\u0131n bah\u00e7e, teras, veranda b\u00f6l\u00fcmlerinde memnuniyetinizi artt\u0131rmak bizim temel ilkemizdir.\" \/>\n<meta property=\"og:url\" content=\"https:\/\/www.tual.com.tr\/\" \/>\n<meta property=\"og:site_name\" content=\"Tual Tente | Tual Global | Tual Bioclimatic Pergolas\" \/>\n<meta property=\"article:publisher\" content=\"https:\/\/www.facebook.com\/Tualtente?mibextid=LQQJ4d%2f\" \/>\n<meta property=\"article:modified_time\" content=\"2023-05-16T08:27:46+00:00\" \/>\n<meta name=\"twitter:card\" content=\"summary_large_image\" \/>\n<script type=\"application\/ld+json\" class=\"yoast-schema-graph\">{\"@context\":\"https:\/\/schema.org\",\"@graph\":[{\"@type\":\"Organization\",\"@id\":\"https:\/\/www.tual.com.tr\/fr\/#organization\",\"name\":\"Tual Tente\",\"url\":\"https:\/\/www.tual.com.tr\/fr\/\",\"sameAs\":[\"https:\/\/www.facebook.com\/Tualtente?mibextid=LQQJ4d\/\",\"https:\/\/www.instagram.com\/tualtente\/\",\"https:\/\/www.linkedin.com\/company\/tual-tente\/\",\"https:\/\/www.youtube.com\/@tualtente4494\"],\"logo\":{\"@type\":\"ImageObject\",\"@id\":\"https:\/\/www.tual.com.tr\/fr\/#logo\",\"inLanguage\":\"fr-FR\",\"url\":\"https:\/\/www.tual.com.tr\/wp-content\/uploads\/2020\/02\/tual-logo-400x400-1.png\",\"width\":400,\"height\":400,\"caption\":\"Tual Tente\"},\"image\":{\"@id\":\"https:\/\/www.tual.com.tr\/fr\/#logo\"}},{\"@type\":\"WebSite\",\"@id\":\"https:\/\/www.tual.com.tr\/fr\/#website\",\"url\":\"https:\/\/www.tual.com.tr\/fr\/\",\"name\":\"Tual Tente | Tual Global | Tual Bioclimatic Pergolas\",\"description\":\"\",\"publisher\":{\"@id\":\"https:\/\/www.tual.com.tr\/fr\/#organization\"},\"potentialAction\":[{\"@type\":\"SearchAction\",\"target\":\"https:\/\/www.tual.com.tr\/fr\/?s={search_term_string}\",\"query-input\":\"required name=search_term_string\"}],\"inLanguage\":\"fr-FR\"},{\"@type\":\"WebPage\",\"@id\":\"https:\/\/www.tual.com.tr\/#webpage\",\"url\":\"https:\/\/www.tual.com.tr\/\",\"name\":\"[:tr]Tual Tente | Tual Global | Tual Bioclimatic PergolasTual Tente | Tual Global | Tual Bioclimatic PergolasTual Tente | Tual Global | Tual Bioclimatic PergolasTual Tente | Tual Global | Tual Bioclimatic Pergolas[:en]Tual Tente | Tual Global | Tual Bioclimatic PergolasTual Tente | Tual Global | Tual Bioclimatic Pergolas[:fr]Tual Tente | Tual Global | Tual Bioclimatic PergolasTual Tente | Tual Global | Tual Bioclimatic Pergolas[:]\",\"isPartOf\":{\"@id\":\"https:\/\/www.tual.com.tr\/fr\/#website\"},\"datePublished\":\"2019-10-20T15:47:26+00:00\",\"dateModified\":\"2023-05-16T08:27:46+00:00\",\"description\":\"Ya\\u015fam alanlar\\u0131n\\u0131zda; cafelerde, restoranlarda ve konutlar\\u0131n\\u0131z\\u0131n bah\\u00e7e, teras, veranda b\\u00f6l\\u00fcmlerinde memnuniyetinizi artt\\u0131rmak bizim temel ilkemizdir.\",\"inLanguage\":\"fr-FR\",\"potentialAction\":[{\"@type\":\"ReadAction\",\"target\":[\"https:\/\/www.tual.com.tr\/\"]}]}]}<\/script>\n<!-- \/ Yoast SEO plugin. -->","_links":{"self":[{"href":"https:\/\/www.tual.com.tr\/fr\/wp-json\/wp\/v2\/pages\/47","targetHints":{"allow":["GET"]}}],"collection":[{"href":"https:\/\/www.tual.com.tr\/fr\/wp-json\/wp\/v2\/pages"}],"about":[{"href":"https:\/\/www.tual.com.tr\/fr\/wp-json\/wp\/v2\/types\/page"}],"author":[{"embeddable":true,"href":"https:\/\/www.tual.com.tr\/fr\/wp-json\/wp\/v2\/users\/1"}],"replies":[{"embeddable":true,"href":"https:\/\/www.tual.com.tr\/fr\/wp-json\/wp\/v2\/comments?post=47"}],"version-history":[{"count":201,"href":"https:\/\/www.tual.com.tr\/fr\/wp-json\/wp\/v2\/pages\/47\/revisions"}],"predecessor-version":[{"id":18718,"href":"https:\/\/www.tual.com.tr\/fr\/wp-json\/wp\/v2\/pages\/47\/revisions\/18718"}],"wp:attachment":[{"href":"https:\/\/www.tual.com.tr\/fr\/wp-json\/wp\/v2\/media?parent=47"}],"curies":[{"name":"wp","href":"https:\/\/api.w.org\/{rel}","templated":true}]}}